{"id":4638,"date":"2024-04-07T22:33:00","date_gmt":"2024-04-08T01:33:00","guid":{"rendered":"https:\/\/dev.redelucymontoro.org.br\/novo\/?page_id=4638"},"modified":"2024-06-04T22:41:49","modified_gmt":"2024-06-05T01:41:49","slug":"ribeirao-preto","status":"publish","type":"page","link":"https:\/\/redelucymontoro.org.br\/site\/apresentacao\/interior\/ribeirao-preto\/","title":{"rendered":"Ribeir\u00e3o Preto"},"content":{"rendered":"<div class=\"gb-container gb-container-0b384c2b\">\n<div class=\"gb-container gb-container-3c85d835\">\n\n<figure class=\"gb-block-image gb-block-image-39a3f2ef\"><img decoding=\"async\" class=\"gb-image gb-image-39a3f2ef\" src=\"https:\/\/redelucymontoro.org.br\/site\/wp-content\/uploads\/2015\/11\/ribeirao-preto-88d.jpg\"\/><\/figure>\n\n<\/div>\n\n<div class=\"gb-container gb-container-cf69fe2f\">\n\n<p><strong>Inaugura\u00e7\u00e3o:<\/strong>&nbsp;20 de mar\u00e7o de 2010<br><br><strong>Site Institucional:<\/strong>&nbsp;<a href=\"http:\/\/www.hcrp.usp.br\/cer\" target=\"_blank\" rel=\"noreferrer noopener\">www.hcrp.usp.br\/cer<\/a><br><br><strong>Institui\u00e7\u00e3o parceira<\/strong><br><a href=\"http:\/\/www.hcrp.fmrp.usp.br\/\" target=\"_blank\" rel=\"noreferrer noopener\">Hospital das Cl\u00ednicas da Faculdade de Medicina de Ribeir\u00e3o Preto da Universidade de S\u00e3o Paulo<\/a><\/p>\n\n\n\n<p><strong>Informa\u00e7\u00f5es<\/strong><br>De segunda a sexta-feira, das 7h \u00e0s 19h<\/p>\n\n\n\n<p><strong>Programas Oferecidos<\/strong><br>Reabilita\u00e7\u00e3o Ambulatorial<br><em>Les\u00e3o Encef\u00e1lica;<\/em><br><em>Amputa\u00e7\u00e3o;<\/em><br><em>Les\u00e3o Medular;<\/em><br><em>Infantil;<\/em><br><em>Patologias Musculoesquel\u00e9ticas;<\/em><br><em>Incapacidade C\u00e1rdio-Respirat\u00f3rias;<\/em><br><em>Vis\u00e3o Subnormal;<\/em><br><em>Doen\u00e7as Neurodegenerativas;<\/em><br><em>Doen\u00e7as Neuromusculares.<\/em><\/p>\n\n\n\n<p><strong>Como Receber Atendimento<\/strong><br>O paciente procura a UBS e solicita encaminhamento para o ALMO &#8211; Ambulat\u00f3rio Lucy Montoro do Hospital das Cl\u00ednicas da Faculdade de Medicina de Ribeir\u00e3o Preto (HC FMRP). A refer\u00eancia \u00e9 encaminhada on line para a DRS, que agenda a consulta conforme disponibilidade de vagas. O HC FMRP atende pacientes provenientes das DRS\u00b4s de Araraquara, Ribeir\u00e3o Preto, Franca e Barretos.<\/p>\n\n\n\n<p><strong>Contatos<\/strong><br>E-mail:&nbsp;<a href=\"mailto:sac.cer@hcrp.usp.br\">sac.cer@hcrp.usp.br<\/a><br>Telefone: (16) 3602-1816<\/p>\n\n\n\n<p><strong>Endere\u00e7o<\/strong><\/p>\n\n\n\n<iframe src=\"https:\/\/www.google.com\/maps\/embed?pb=!1m14!1m8!1m3!1d130837.84825258821!2d-47.858461000000005!3d-21.171988!3m2!1i1024!2i768!4f13.1!3m3!1m2!1s0x94b9bdc77a894a91%3A0x5ab93b6783f81a47!2sGuarda%20Universit%C3%A1ria%20da%20USP%20Campus%20de%20Ribeir%C3%A3o%20Preto!5e1!3m2!1sen!2sus!4v1712539917453!5m2!1sen!2sus\" width=\"600\" height=\"450\" style=\"border:0;\" allowfullscreen=\"\" loading=\"lazy\" referrerpolicy=\"no-referrer-when-downgrade\"><\/iframe>\n\n<\/div>\n<\/div>","protected":false},"excerpt":{"rendered":"","protected":false},"author":2,"featured_media":0,"parent":4610,"menu_order":0,"comment_status":"closed","ping_status":"closed","template":"","meta":{"_acf_changed":false,"inline_featured_image":false,"footnotes":""},"categories":[],"tags":[],"class_list":["post-4638","page","type-page","status-publish"],"acf":[],"_links":{"self":[{"href":"https:\/\/redelucymontoro.org.br\/site\/wp-json\/wp\/v2\/pages\/4638","targetHints":{"allow":["GET"]}}],"collection":[{"href":"https:\/\/redelucymontoro.org.br\/site\/wp-json\/wp\/v2\/pages"}],"about":[{"href":"https:\/\/redelucymontoro.org.br\/site\/wp-json\/wp\/v2\/types\/page"}],"author":[{"embeddable":true,"href":"https:\/\/redelucymontoro.org.br\/site\/wp-json\/wp\/v2\/users\/2"}],"replies":[{"embeddable":true,"href":"https:\/\/redelucymontoro.org.br\/site\/wp-json\/wp\/v2\/comments?post=4638"}],"version-history":[{"count":0,"href":"https:\/\/redelucymontoro.org.br\/site\/wp-json\/wp\/v2\/pages\/4638\/revisions"}],"up":[{"embeddable":true,"href":"https:\/\/redelucymontoro.org.br\/site\/wp-json\/wp\/v2\/pages\/4610"}],"wp:attachment":[{"href":"https:\/\/redelucymontoro.org.br\/site\/wp-json\/wp\/v2\/media?parent=4638"}],"wp:term":[{"taxonomy":"category","embeddable":true,"href":"https:\/\/redelucymontoro.org.br\/site\/wp-json\/wp\/v2\/categories?post=4638"},{"taxonomy":"post_tag","embeddable":true,"href":"https:\/\/redelucymontoro.org.br\/site\/wp-json\/wp\/v2\/tags?post=4638"}],"curies":[{"name":"wp","href":"https:\/\/api.w.org\/{rel}","templated":true}]}}