{"id":4624,"date":"2024-04-07T22:18:17","date_gmt":"2024-04-08T01:18:17","guid":{"rendered":"https:\/\/dev.redelucymontoro.org.br\/novo\/?page_id=4624"},"modified":"2024-06-04T22:40:54","modified_gmt":"2024-06-05T01:40:54","slug":"botucatu","status":"publish","type":"page","link":"https:\/\/redelucymontoro.org.br\/site\/apresentacao\/interior\/botucatu\/","title":{"rendered":"Botucatu"},"content":{"rendered":"<div class=\"gb-container gb-container-0b384c2b\">\n<div class=\"gb-container gb-container-3c85d835\">\n\n<figure class=\"gb-block-image gb-block-image-828e1608\"><img decoding=\"async\" class=\"gb-image gb-image-828e1608\" src=\"https:\/\/redelucymontoro.org.br\/site\/wp-content\/uploads\/2015\/11\/Botucatu-496.jpg\"\/><\/figure>\n\n<\/div>\n\n<div class=\"gb-container gb-container-cf69fe2f\">\n\n<p><strong>Inaugura\u00e7\u00e3o<\/strong>: 31 de mar\u00e7o de 2018<\/p>\n\n\n\n<p><strong>Institui\u00e7\u00e3o parceira<br><\/strong><a href=\"https:\/\/www.famesp.org.br\/\" target=\"_blank\" rel=\"noreferrer noopener\">Funda\u00e7\u00e3o para o Desenvolvimento M\u00e9dico e Hospitalar<\/a>&nbsp;(FAMESP)<\/p>\n\n\n\n<p><strong>Programas Oferecidos<br><\/strong>Reabilita\u00e7\u00e3o Ambulatoria<\/p>\n\n\n\n<p><strong>Informa\u00e7\u00f5es<\/strong><br>7h \u00e0s 19h<\/p>\n\n\n\n<p><strong>Como receber o atendimento<br><\/strong>Paciente do Sistema \u00danico de Sa\u00fade SUS, conhe\u00e7a o&nbsp;<a href=\"https:\/\/www.redelucymontoro.org.br\/site\/processo-de-triagem-e-admissao-para-programa-de-reabilitacao.html\" target=\"_blank\" rel=\"noreferrer noopener\">processo de triagem<\/a>.<\/p>\n\n\n\n<p><strong>Contatos<br><\/strong>(14) 99851-9839 \/(14) 99850-8602 \/(14) 99852-5960<\/p>\n\n\n\n<p><strong>Endere\u00e7o<\/strong><\/p>\n\n\n\n<iframe src=\"https:\/\/www.google.com\/maps\/embed?pb=!1m14!1m8!1m3!1d7351.933751433334!2d-48.477783!3d-22.877682!3m2!1i1024!2i768!4f13.1!3m3!1m2!1s0x94c7212083bbb979%3A0x94bfc4a566c71278!2sAmbulat%C3%B3rio%20M%C3%A9dico%20de%20Especialidades%20de%20Botucatu%20-%20AME%20Botucatu!5e0!3m2!1sen!2sus!4v1712539087428!5m2!1sen!2sus\" width=\"600\" height=\"450\" style=\"border:0;\" allowfullscreen=\"\" loading=\"lazy\" referrerpolicy=\"no-referrer-when-downgrade\"><\/iframe>\n\n<\/div>\n<\/div>","protected":false},"excerpt":{"rendered":"","protected":false},"author":2,"featured_media":0,"parent":4610,"menu_order":0,"comment_status":"closed","ping_status":"closed","template":"","meta":{"_acf_changed":false,"inline_featured_image":false,"footnotes":""},"categories":[],"tags":[],"class_list":["post-4624","page","type-page","status-publish"],"acf":[],"_links":{"self":[{"href":"https:\/\/redelucymontoro.org.br\/site\/wp-json\/wp\/v2\/pages\/4624","targetHints":{"allow":["GET"]}}],"collection":[{"href":"https:\/\/redelucymontoro.org.br\/site\/wp-json\/wp\/v2\/pages"}],"about":[{"href":"https:\/\/redelucymontoro.org.br\/site\/wp-json\/wp\/v2\/types\/page"}],"author":[{"embeddable":true,"href":"https:\/\/redelucymontoro.org.br\/site\/wp-json\/wp\/v2\/users\/2"}],"replies":[{"embeddable":true,"href":"https:\/\/redelucymontoro.org.br\/site\/wp-json\/wp\/v2\/comments?post=4624"}],"version-history":[{"count":0,"href":"https:\/\/redelucymontoro.org.br\/site\/wp-json\/wp\/v2\/pages\/4624\/revisions"}],"up":[{"embeddable":true,"href":"https:\/\/redelucymontoro.org.br\/site\/wp-json\/wp\/v2\/pages\/4610"}],"wp:attachment":[{"href":"https:\/\/redelucymontoro.org.br\/site\/wp-json\/wp\/v2\/media?parent=4624"}],"wp:term":[{"taxonomy":"category","embeddable":true,"href":"https:\/\/redelucymontoro.org.br\/site\/wp-json\/wp\/v2\/categories?post=4624"},{"taxonomy":"post_tag","embeddable":true,"href":"https:\/\/redelucymontoro.org.br\/site\/wp-json\/wp\/v2\/tags?post=4624"}],"curies":[{"name":"wp","href":"https:\/\/api.w.org\/{rel}","templated":true}]}}