{"id":4622,"date":"2024-04-07T22:16:08","date_gmt":"2024-04-08T01:16:08","guid":{"rendered":"https:\/\/dev.redelucymontoro.org.br\/novo\/?page_id=4622"},"modified":"2024-06-04T22:42:21","modified_gmt":"2024-06-05T01:42:21","slug":"santos","status":"publish","type":"page","link":"https:\/\/redelucymontoro.org.br\/site\/apresentacao\/litoral\/santos\/","title":{"rendered":"Santos"},"content":{"rendered":"<div class=\"gb-container gb-container-0b384c2b\">\n<div class=\"gb-container gb-container-3c85d835\">\n\n<figure class=\"gb-block-image gb-block-image-85e0ef51\"><img decoding=\"async\" class=\"gb-image gb-image-85e0ef51\" src=\"https:\/\/redelucymontoro.org.br\/site\/wp-content\/uploads\/2015\/11\/santos_inauguracao-2da.jpg\"\/><\/figure>\n\n<\/div>\n\n<div class=\"gb-container gb-container-cf69fe2f\">\n\n<p><strong>Institui\u00e7\u00e3o parceira<br><\/strong><em>Centro de Estudos e Pesquisas &#8220;Dr. Jo\u00e3o Amorim&#8221;<\/em><\/p>\n\n\n\n<p><strong>Programas Oferecidos<\/strong><br>Reabilita\u00e7\u00e3o ambulatorial<\/p>\n\n\n\n<p><strong>Informa\u00e7\u00f5es<\/strong><br>De segunda a sexta-feira, das 7h \u00e0s 19h<\/p>\n\n\n\n<p><strong>Como Receber Atendimento<\/strong><br>Os pacientes que necessitam de reabilita\u00e7\u00e3o ambulatorial s\u00e3o encaminhados atrav\u00e9s das unidades de reabilita\u00e7\u00e3o dos Munic\u00edpios da Baixada Santista via Sistema CROSS, ferramenta que permite a regula\u00e7\u00e3o de vagas para o sistema de sa\u00fade do Estado de S\u00e3o Paulo.<\/p>\n\n\n\n<p><strong>Contatos<\/strong><br>E-mail:&nbsp;<a href=\"mailto:diretoria.lm@cejam.org.br\">diretoria.lm@cejam.org.br<\/a><br>Telefone: (13) 3278 040<\/p>\n\n\n\n<p><strong>Endere\u00e7o<\/strong><\/p>\n\n\n\n<iframe src=\"https:\/\/www.google.com\/maps\/embed?pb=!1m14!1m8!1m3!1d64102.00985579427!2d-46.308716!3d-23.974159!3m2!1i1024!2i768!4f13.1!3m3!1m2!1s0x94ce02496b62c765%3A0xbd1c4f3dbea07ab4!2sR.%20Alexandre%20Martins%20-%20Aparecida%2C%20Santos%20-%20SP%2C%20Brazil!5e1!3m2!1sen!2sus!4v1712538958911!5m2!1sen!2sus\" width=\"600\" height=\"450\" style=\"border:0;\" allowfullscreen=\"\" loading=\"lazy\" referrerpolicy=\"no-referrer-when-downgrade\"><\/iframe>\n\n<\/div>\n<\/div>","protected":false},"excerpt":{"rendered":"","protected":false},"author":2,"featured_media":0,"parent":4612,"menu_order":0,"comment_status":"closed","ping_status":"closed","template":"","meta":{"_acf_changed":false,"inline_featured_image":false,"footnotes":""},"categories":[],"tags":[],"class_list":["post-4622","page","type-page","status-publish"],"acf":[],"_links":{"self":[{"href":"https:\/\/redelucymontoro.org.br\/site\/wp-json\/wp\/v2\/pages\/4622","targetHints":{"allow":["GET"]}}],"collection":[{"href":"https:\/\/redelucymontoro.org.br\/site\/wp-json\/wp\/v2\/pages"}],"about":[{"href":"https:\/\/redelucymontoro.org.br\/site\/wp-json\/wp\/v2\/types\/page"}],"author":[{"embeddable":true,"href":"https:\/\/redelucymontoro.org.br\/site\/wp-json\/wp\/v2\/users\/2"}],"replies":[{"embeddable":true,"href":"https:\/\/redelucymontoro.org.br\/site\/wp-json\/wp\/v2\/comments?post=4622"}],"version-history":[{"count":0,"href":"https:\/\/redelucymontoro.org.br\/site\/wp-json\/wp\/v2\/pages\/4622\/revisions"}],"up":[{"embeddable":true,"href":"https:\/\/redelucymontoro.org.br\/site\/wp-json\/wp\/v2\/pages\/4612"}],"wp:attachment":[{"href":"https:\/\/redelucymontoro.org.br\/site\/wp-json\/wp\/v2\/media?parent=4622"}],"wp:term":[{"taxonomy":"category","embeddable":true,"href":"https:\/\/redelucymontoro.org.br\/site\/wp-json\/wp\/v2\/categories?post=4622"},{"taxonomy":"post_tag","embeddable":true,"href":"https:\/\/redelucymontoro.org.br\/site\/wp-json\/wp\/v2\/tags?post=4622"}],"curies":[{"name":"wp","href":"https:\/\/api.w.org\/{rel}","templated":true}]}}