{"id":4608,"date":"2024-04-07T21:59:11","date_gmt":"2024-04-08T00:59:11","guid":{"rendered":"https:\/\/dev.redelucymontoro.org.br\/novo\/?page_id=4608"},"modified":"2024-06-04T22:40:19","modified_gmt":"2024-06-05T01:40:19","slug":"diadema","status":"publish","type":"page","link":"https:\/\/redelucymontoro.org.br\/site\/apresentacao\/capital\/diadema\/","title":{"rendered":"Diadema"},"content":{"rendered":"<div class=\"gb-container gb-container-0b384c2b\">\n<div class=\"gb-container gb-container-3c85d835\">\n\n<figure class=\"gb-block-image gb-block-image-ed856031\"><img decoding=\"async\" class=\"gb-image gb-image-ed856031\" src=\"https:\/\/redelucymontoro.org.br\/site\/wp-content\/uploads\/2022\/04\/Diadema-1bb.jpeg\"\/><\/figure>\n\n<\/div>\n\n<div class=\"gb-container gb-container-cf69fe2f\">\n\n<p><strong>Inaugura\u00e7\u00e3o:<\/strong>&nbsp;20 de setembro de 2021<\/p>\n\n\n\n<p><strong>Institui\u00e7\u00e3o parceira:<\/strong>&nbsp;<a href=\"https:\/\/fuabc.org.br\/\" target=\"_blank\" rel=\"noreferrer noopener\">Funda\u00e7\u00e3o do ABC<\/a><\/p>\n\n\n\n<p><strong>Programas Oferecidos:<\/strong><br>Reabilita\u00e7\u00e3o Ambulatorial Visual<br>Reabilita\u00e7\u00e3o Ambulatorial F\u00edsica<br>Dor cr\u00f4nica benigna e de causa musculoesquel\u00e9tica<br>Les\u00e3o Encef\u00e1lica<br>Les\u00e3o Medular<br>Les\u00e3o Neurodegenerativa<br>Les\u00e3o Neuromuscular<br>Amputa\u00e7\u00f5es e malforma\u00e7\u00f5es cong\u00eanitas dos membros superiores e\/ou inferiores<br>Paralisia Cerebral e\/ou atraso de desenvolvimento neuromotor<\/p>\n\n\n\n<p><strong>Hor\u00e1rios de Atendimento:<\/strong>&nbsp;segunda a sexta-feira, das 7 \u00e0s 19 horas<\/p>\n\n\n\n<p><strong>Como receber o atendimento:<\/strong>&nbsp;Unidades de Sa\u00fade vinculadas ao DRS I podem fazer o agendamento<\/p>\n\n\n\n<p><strong>Contatos:<\/strong>&nbsp;(11) 4240-5000;&nbsp;<a href=\"mailto:sau@lucymontorodiadema.org.br\">sau@lucymontorodiadema.org.br<\/a><\/p>\n\n\n\n<p><strong>Endere\u00e7o<\/strong><\/p>\n\n\n\n<iframe src=\"https:\/\/www.google.com\/maps\/embed?pb=!1m18!1m12!1m3!1d3653.717021528204!2d-46.619801924286826!3d-23.686075678714285!2m3!1f0!2f0!3f0!3m2!1i1024!2i768!4f13.1!3m3!1m2!1s0x94ce44f21e98b9d7%3A0x24eb149aac025fb9!2sAv.%20Ant%C3%B4nio%20Piranga%2C%20700%20-%20Centro%2C%20Diadema%20-%20SP%2C%2009911-160!5e0!3m2!1spt-BR!2sbr!4v1712538723983!5m2!1spt-BR!2sbr\" width=\"600\" height=\"450\" style=\"border:0;\" allowfullscreen=\"\" loading=\"lazy\" referrerpolicy=\"no-referrer-when-downgrade\"><\/iframe>\n\n<\/div>\n<\/div>","protected":false},"excerpt":{"rendered":"","protected":false},"author":2,"featured_media":0,"parent":4604,"menu_order":0,"comment_status":"closed","ping_status":"closed","template":"","meta":{"_acf_changed":false,"inline_featured_image":false,"footnotes":""},"categories":[],"tags":[],"class_list":["post-4608","page","type-page","status-publish"],"acf":[],"_links":{"self":[{"href":"https:\/\/redelucymontoro.org.br\/site\/wp-json\/wp\/v2\/pages\/4608","targetHints":{"allow":["GET"]}}],"collection":[{"href":"https:\/\/redelucymontoro.org.br\/site\/wp-json\/wp\/v2\/pages"}],"about":[{"href":"https:\/\/redelucymontoro.org.br\/site\/wp-json\/wp\/v2\/types\/page"}],"author":[{"embeddable":true,"href":"https:\/\/redelucymontoro.org.br\/site\/wp-json\/wp\/v2\/users\/2"}],"replies":[{"embeddable":true,"href":"https:\/\/redelucymontoro.org.br\/site\/wp-json\/wp\/v2\/comments?post=4608"}],"version-history":[{"count":0,"href":"https:\/\/redelucymontoro.org.br\/site\/wp-json\/wp\/v2\/pages\/4608\/revisions"}],"up":[{"embeddable":true,"href":"https:\/\/redelucymontoro.org.br\/site\/wp-json\/wp\/v2\/pages\/4604"}],"wp:attachment":[{"href":"https:\/\/redelucymontoro.org.br\/site\/wp-json\/wp\/v2\/media?parent=4608"}],"wp:term":[{"taxonomy":"category","embeddable":true,"href":"https:\/\/redelucymontoro.org.br\/site\/wp-json\/wp\/v2\/categories?post=4608"},{"taxonomy":"post_tag","embeddable":true,"href":"https:\/\/redelucymontoro.org.br\/site\/wp-json\/wp\/v2\/tags?post=4608"}],"curies":[{"name":"wp","href":"https:\/\/api.w.org\/{rel}","templated":true}]}}