{"id":3532,"date":"2024-04-04T19:41:37","date_gmt":"2024-04-04T22:41:37","guid":{"rendered":"https:\/\/dev.redelucymontoro.org.br\/novo\/?page_id=3532"},"modified":"2024-06-12T15:29:59","modified_gmt":"2024-06-12T18:29:59","slug":"condicionamento-fisico","status":"publish","type":"page","link":"https:\/\/redelucymontoro.org.br\/site\/reabilitacao\/composicao-da-equipe-de-reabilitacao\/condicionamento-fisico\/","title":{"rendered":"Condicionamento f\u00edsico"},"content":{"rendered":"\n<p>O profissional de Educa\u00e7\u00e3o F\u00edsica no atendimento \u00e0 pessoa com defici\u00eancia, como parte da\u00a0equipe multidisciplinar, \u00e9 respons\u00e1vel por possibilitar que o paciente\u00a0tenha ganhos funcionais\u00a0por meio do exerc\u00edcio f\u00edsico,\u00a0resultando em\u00a0maior fun\u00e7\u00e3o motora, independ\u00eancia e qualidade de sa\u00fade.<br><br>Para isso, utiliza-se desde estrat\u00e9gias que fazem uso de equipamentos de gin\u00e1stica convencionais at\u00e9 tecnologias rob\u00f3ticas como exoesqueleto din\u00e2mico e fixo, esteira com realidade virtual aumentada e treinamento isocin\u00e9tico.<br><br>Nas crian\u00e7as e adolescentes com defici\u00eancia f\u00edsica, atua por meio de atividades l\u00fadicas, jogos e exerc\u00edcios adequados a essa popula\u00e7\u00e3o,\u00a0estimulando o desenvolvimento motor e\u00a0aprimorando as habilidades motoras fundamentais, resultando na\u00a0melhora da capacidade funcional e\u00a0desenvolvimento das habilidades cognitivas, afetivas e sociais da crian\u00e7a.<br><br>Melhora da fun\u00e7\u00e3o motora e da coordena\u00e7\u00e3o: Os exerc\u00edcios f\u00edsicos adaptados ajudam os pacientes a recuperar o controle e a coordena\u00e7\u00e3o dos movimentos, fortalecendo m\u00fasculos enfraquecidos, melhorando a amplitude de movimento das articula\u00e7\u00f5es e aprimorando a precis\u00e3o dos movimentos.<br><br>Aumento da for\u00e7a muscular e da resist\u00eancia: Atrav\u00e9s de exerc\u00edcios de resist\u00eancia e de fortalecimento muscular progressivo, os pacientes podem recuperar a for\u00e7a muscular perdida, o que \u00e9 essencial para realizar atividades di\u00e1rias e prevenir futuras complica\u00e7\u00f5es, como quedas.<br><br>Desenvolvimento do equil\u00edbrio e da propriocep\u00e7\u00e3o:\u00a0Muitas les\u00f5es comprometem o equil\u00edbrio e a propriocep\u00e7\u00e3o (a capacidade do corpo de perceber sua posi\u00e7\u00e3o no espa\u00e7o).\u00a0Os\u00a0exerc\u00edcios\u00a0f\u00edsicos contribuem para que essas condi\u00e7\u00f5es sejam restabelecidas para melhor funcionalidade ao paciente.\u00a0<br><br>Est\u00edmulo \u00e0 plasticidade cerebral:\u00a0A plasticidade cerebral refere-se \u00e0 capacidade do c\u00e9rebro de se reorganizar e criar novas conex\u00f5es neurais em resposta a est\u00edmulos externos, como exerc\u00edcios f\u00edsicos. Atrav\u00e9s do exerc\u00edcio f\u00edsico \u00e9 poss\u00edvel promover a plasticidade cerebral, facilitando a recupera\u00e7\u00e3o funcional e a adapta\u00e7\u00e3o \u00e0s mudan\u00e7as no sistema nervoso causadas pelas les\u00f5es<br><br>Promo\u00e7\u00e3o da independ\u00eancia e da qualidade de vida:\u00a0Al\u00e9m dos benef\u00edcios f\u00edsicos, a educa\u00e7\u00e3o em sa\u00fade tamb\u00e9m tem um impacto significativo na independ\u00eancia e na qualidade de vida dos pacientes. Ao melhorar a fun\u00e7\u00e3o f\u00edsica e a autoconfian\u00e7a, os pacientes podem se sentir mais capazes de realizar tarefas cotidianas e participar em atividades sociais e recreativas, aumentando assim sua qualidade de vida geral.<br><br>Esporte Adaptado:\u00a0Propiciar viv\u00eancia em esporte adaptado, a fim de estimular a pr\u00e1tica esportiva como meio de aquisi\u00e7\u00e3o de capacidade motora, qualidade de sa\u00fade, autoestima e sociabilidade.<br><br><\/p>\n","protected":false},"excerpt":{"rendered":"","protected":false},"author":2,"featured_media":9954,"parent":3397,"menu_order":0,"comment_status":"closed","ping_status":"closed","template":"","meta":{"_acf_changed":false,"inline_featured_image":false,"footnotes":""},"categories":[],"tags":[94,90],"class_list":{"0":"post-3532","1":"page","2":"type-page","3":"status-publish","4":"has-post-thumbnail","6":"tag-hero","7":"tag-narrow"},"acf":[],"_links":{"self":[{"href":"https:\/\/redelucymontoro.org.br\/site\/wp-json\/wp\/v2\/pages\/3532","targetHints":{"allow":["GET"]}}],"collection":[{"href":"https:\/\/redelucymontoro.org.br\/site\/wp-json\/wp\/v2\/pages"}],"about":[{"href":"https:\/\/redelucymontoro.org.br\/site\/wp-json\/wp\/v2\/types\/page"}],"author":[{"embeddable":true,"href":"https:\/\/redelucymontoro.org.br\/site\/wp-json\/wp\/v2\/users\/2"}],"replies":[{"embeddable":true,"href":"https:\/\/redelucymontoro.org.br\/site\/wp-json\/wp\/v2\/comments?post=3532"}],"version-history":[{"count":0,"href":"https:\/\/redelucymontoro.org.br\/site\/wp-json\/wp\/v2\/pages\/3532\/revisions"}],"up":[{"embeddable":true,"href":"https:\/\/redelucymontoro.org.br\/site\/wp-json\/wp\/v2\/pages\/3397"}],"wp:featuredmedia":[{"embeddable":true,"href":"https:\/\/redelucymontoro.org.br\/site\/wp-json\/wp\/v2\/media\/9954"}],"wp:attachment":[{"href":"https:\/\/redelucymontoro.org.br\/site\/wp-json\/wp\/v2\/media?parent=3532"}],"wp:term":[{"taxonomy":"category","embeddable":true,"href":"https:\/\/redelucymontoro.org.br\/site\/wp-json\/wp\/v2\/categories?post=3532"},{"taxonomy":"post_tag","embeddable":true,"href":"https:\/\/redelucymontoro.org.br\/site\/wp-json\/wp\/v2\/tags?post=3532"}],"curies":[{"name":"wp","href":"https:\/\/api.w.org\/{rel}","templated":true}]}}