{"id":3529,"date":"2024-04-04T19:40:56","date_gmt":"2024-04-04T22:40:56","guid":{"rendered":"https:\/\/dev.redelucymontoro.org.br\/novo\/?page_id=3529"},"modified":"2024-08-01T21:09:29","modified_gmt":"2024-08-02T00:09:29","slug":"odontologia","status":"publish","type":"page","link":"https:\/\/redelucymontoro.org.br\/site\/reabilitacao\/composicao-da-equipe-de-reabilitacao\/odontologia\/","title":{"rendered":"Odontologia"},"content":{"rendered":"\n<div class=\"wp-block-media-text has-media-on-the-right is-stacked-on-mobile is-vertically-aligned-top media-text-rl\" style=\"grid-template-columns:auto 35%\"><div class=\"wp-block-media-text__content\">\n<p>Presta atendimento especializado \u00e0s peculiaridades da pessoa com defici\u00eancia em Programa de Reabilita\u00e7\u00e3o. Faz parte do escopo de atividades do especialista:<\/p>\n\n\n\n<p>&#8211; Educa\u00e7\u00e3o em Sa\u00fade Bucal;<\/p>\n\n\n\n<p>&#8211; Preven\u00e7\u00e3o de doen\u00e7as e agravos na regi\u00e3o bucal;<\/p>\n\n\n\n<p>&#8211; Tratamento das Patologias bucais.<\/p>\n<\/div><figure class=\"wp-block-media-text__media\"><img fetchpriority=\"high\" decoding=\"async\" width=\"1024\" height=\"683\" src=\"https:\/\/redelucymontoro.org.br\/site\/wp-content\/uploads\/2024\/08\/Equipe-Odontologia_010-1024x683.jpg\" alt=\"\" class=\"wp-image-10683 size-full\" srcset=\"https:\/\/redelucymontoro.org.br\/site\/wp-content\/uploads\/2024\/08\/Equipe-Odontologia_010-1024x683.jpg 1024w, https:\/\/redelucymontoro.org.br\/site\/wp-content\/uploads\/2024\/08\/Equipe-Odontologia_010-300x200.jpg 300w, https:\/\/redelucymontoro.org.br\/site\/wp-content\/uploads\/2024\/08\/Equipe-Odontologia_010-768x512.jpg 768w, https:\/\/redelucymontoro.org.br\/site\/wp-content\/uploads\/2024\/08\/Equipe-Odontologia_010.jpg 1200w\" sizes=\"(max-width: 1024px) 100vw, 1024px\" \/><\/figure><\/div>\n","protected":false},"excerpt":{"rendered":"","protected":false},"author":2,"featured_media":0,"parent":3397,"menu_order":0,"comment_status":"closed","ping_status":"closed","template":"","meta":{"_acf_changed":false,"inline_featured_image":false,"footnotes":""},"categories":[],"tags":[],"class_list":["post-3529","page","type-page","status-publish"],"acf":[],"_links":{"self":[{"href":"https:\/\/redelucymontoro.org.br\/site\/wp-json\/wp\/v2\/pages\/3529","targetHints":{"allow":["GET"]}}],"collection":[{"href":"https:\/\/redelucymontoro.org.br\/site\/wp-json\/wp\/v2\/pages"}],"about":[{"href":"https:\/\/redelucymontoro.org.br\/site\/wp-json\/wp\/v2\/types\/page"}],"author":[{"embeddable":true,"href":"https:\/\/redelucymontoro.org.br\/site\/wp-json\/wp\/v2\/users\/2"}],"replies":[{"embeddable":true,"href":"https:\/\/redelucymontoro.org.br\/site\/wp-json\/wp\/v2\/comments?post=3529"}],"version-history":[{"count":0,"href":"https:\/\/redelucymontoro.org.br\/site\/wp-json\/wp\/v2\/pages\/3529\/revisions"}],"up":[{"embeddable":true,"href":"https:\/\/redelucymontoro.org.br\/site\/wp-json\/wp\/v2\/pages\/3397"}],"wp:attachment":[{"href":"https:\/\/redelucymontoro.org.br\/site\/wp-json\/wp\/v2\/media?parent=3529"}],"wp:term":[{"taxonomy":"category","embeddable":true,"href":"https:\/\/redelucymontoro.org.br\/site\/wp-json\/wp\/v2\/categories?post=3529"},{"taxonomy":"post_tag","embeddable":true,"href":"https:\/\/redelucymontoro.org.br\/site\/wp-json\/wp\/v2\/tags?post=3529"}],"curies":[{"name":"wp","href":"https:\/\/api.w.org\/{rel}","templated":true}]}}