{"id":3523,"date":"2024-04-04T19:39:19","date_gmt":"2024-04-04T22:39:19","guid":{"rendered":"https:\/\/dev.redelucymontoro.org.br\/novo\/?page_id=3523"},"modified":"2024-08-20T13:58:25","modified_gmt":"2024-08-20T16:58:25","slug":"servico-social","status":"publish","type":"page","link":"https:\/\/redelucymontoro.org.br\/site\/reabilitacao\/composicao-da-equipe-de-reabilitacao\/servico-social\/","title":{"rendered":"Servi\u00e7o social"},"content":{"rendered":"\n<div class=\"wp-block-media-text has-media-on-the-right is-stacked-on-mobile is-vertically-aligned-top media-text-rl\" style=\"grid-template-columns:auto 35%\"><div class=\"wp-block-media-text__content\">\n<p>O profissional de Servi\u00e7o Social realiza um trabalho interdisciplinar junto com a equipe multiprofissional durante toda a jornada do paciente na institui\u00e7\u00e3o.<\/p>\n\n\n\n<p>\u00c9 respons\u00e1vel por fazer uma an\u00e1lise da realidade social e institucional, e intervir para&nbsp;propiciar uma boa experi\u00eancia em todas as etapas durante o tratamento de reabilita\u00e7\u00e3o.<\/p>\n\n\n\n<p>O atendimento \u00e9 personalizado, com olhar cr\u00edtico, humanizado, escuta ativa e habilidades para prestar atendimento com foco no cuidado centrado no paciente, em conformidade com as boas pr\u00e1ticas do Servi\u00e7o Social.\u00a0\u00c9 baseado em metas terap\u00eauticas preestabelecidas, devendo o profissional atuar como facilitador\/mediador e acompanhar as rela\u00e7\u00f5es entre institui\u00e7\u00e3o, pacientes e cuidadores em todas as fases do tratamento\u00a0contribuindo para promo\u00e7\u00e3o da cidadania e participa\u00e7\u00e3o social.<\/p>\n\n\n\n<p>O assistente social utiliza v\u00e1rios instrumentos de trabalho, como entrevistas, an\u00e1lises sociais, relat\u00f3rios, levantamento de recursos, encaminhamentos, visitas domiciliares, din\u00e2micas de grupo, pareceres sociais, articula\u00e7\u00e3o&nbsp;com a rede de apoio, entre outros.<\/p>\n\n\n\n<p>Acesse aqui o <a href=\"https:\/\/redelucymontoro.org.br\/site\/area-do-paciente\/materiais-educativos\/espaco-da-cidadania\/\" data-type=\"page\" data-id=\"6519\">Espa\u00e7o&nbsp;da Cidadania<\/a>, p\u00e1gina na qual voc\u00ea pode consultar orienta\u00e7\u00f5es do Servi\u00e7o Social do IMREA.<\/p>\n<\/div><figure class=\"wp-block-media-text__media\"><img decoding=\"async\" src=\"https:\/\/redelucymontoro.org.br\/site\/wp-content\/uploads\/2015\/07\/composicao_servico_social_01-30e.jpg\" alt=\"Servi\u00e7o social\" class=\"wp-image-86 size-full\"\/><\/figure><\/div>\n","protected":false},"excerpt":{"rendered":"","protected":false},"author":2,"featured_media":0,"parent":3397,"menu_order":0,"comment_status":"closed","ping_status":"closed","template":"","meta":{"_acf_changed":false,"inline_featured_image":false,"footnotes":""},"categories":[],"tags":[],"class_list":["post-3523","page","type-page","status-publish"],"acf":[],"_links":{"self":[{"href":"https:\/\/redelucymontoro.org.br\/site\/wp-json\/wp\/v2\/pages\/3523","targetHints":{"allow":["GET"]}}],"collection":[{"href":"https:\/\/redelucymontoro.org.br\/site\/wp-json\/wp\/v2\/pages"}],"about":[{"href":"https:\/\/redelucymontoro.org.br\/site\/wp-json\/wp\/v2\/types\/page"}],"author":[{"embeddable":true,"href":"https:\/\/redelucymontoro.org.br\/site\/wp-json\/wp\/v2\/users\/2"}],"replies":[{"embeddable":true,"href":"https:\/\/redelucymontoro.org.br\/site\/wp-json\/wp\/v2\/comments?post=3523"}],"version-history":[{"count":1,"href":"https:\/\/redelucymontoro.org.br\/site\/wp-json\/wp\/v2\/pages\/3523\/revisions"}],"predecessor-version":[{"id":11204,"href":"https:\/\/redelucymontoro.org.br\/site\/wp-json\/wp\/v2\/pages\/3523\/revisions\/11204"}],"up":[{"embeddable":true,"href":"https:\/\/redelucymontoro.org.br\/site\/wp-json\/wp\/v2\/pages\/3397"}],"wp:attachment":[{"href":"https:\/\/redelucymontoro.org.br\/site\/wp-json\/wp\/v2\/media?parent=3523"}],"wp:term":[{"taxonomy":"category","embeddable":true,"href":"https:\/\/redelucymontoro.org.br\/site\/wp-json\/wp\/v2\/categories?post=3523"},{"taxonomy":"post_tag","embeddable":true,"href":"https:\/\/redelucymontoro.org.br\/site\/wp-json\/wp\/v2\/tags?post=3523"}],"curies":[{"name":"wp","href":"https:\/\/api.w.org\/{rel}","templated":true}]}}