{"id":3520,"date":"2024-04-04T19:38:33","date_gmt":"2024-04-04T22:38:33","guid":{"rendered":"https:\/\/dev.redelucymontoro.org.br\/novo\/?page_id=3520"},"modified":"2024-04-10T21:48:27","modified_gmt":"2024-04-11T00:48:27","slug":"psicologia","status":"publish","type":"page","link":"https:\/\/redelucymontoro.org.br\/site\/reabilitacao\/composicao-da-equipe-de-reabilitacao\/psicologia\/","title":{"rendered":"Psicologia"},"content":{"rendered":"\n<div class=\"wp-block-media-text has-media-on-the-right is-stacked-on-mobile is-vertically-aligned-top media-text-rl\" style=\"grid-template-columns:auto 35%\"><div class=\"wp-block-media-text__content\">\n<p>Colabora com a elabora\u00e7\u00e3o de programa de reabilita\u00e7\u00e3o individualizado e adequado \u00e0s condi\u00e7\u00f5es do paciente e familiar\/ cuidador. O psic\u00f3logo:<\/p>\n\n\n\n<p>&#8211; Fornece orienta\u00e7\u00e3o psicol\u00f3gica ao paciente e sua fam\u00edlia\/cuidador, conforme os dados avaliativos, por meio de psicodiagn\u00f3stico e\/ou impress\u00e3o diagn\u00f3stica;<\/p>\n\n\n\n<p>&#8211;&nbsp; Assiste ao paciente e familiar\/cuidador, quando internado, realizando interven\u00e7\u00f5es psicol\u00f3gicas de acordo com a necessidade;<br><br>&#8211; Contribui com t\u00e9cnicas psicol\u00f3gicas para solu\u00e7\u00e3o de problemas de ajustamento e intera\u00e7\u00e3o do paciente e de sua fam\u00edlia\/cuidador ao programa de reabilita\u00e7\u00e3o e \u00e0 comunidade, por meio de orienta\u00e7\u00e3o psicol\u00f3gica ou psicoterapia breve, de acordo com os objetivos&nbsp;estabelecidos e tempo predeterminado;<br><br>&#8211; Conhece e faz conhecer as condi\u00e7\u00f5es psicol\u00f3gicas do paciente e de sua fam\u00edlia; o potencial, a capacidade e as limita\u00e7\u00f5es do paciente, possibilitando seu ajustamento na comunidade; orienta\u00e7\u00e3o para o trabalho e aconselhamento profissional, nos casos em que se faz necess\u00e1rio;<br><br>&#8211; Realiza atendimento psicoter\u00e1pico breve individual e\/ou em grupo; avalia\u00e7\u00e3o e treinamento neuropsicol\u00f3gico;<br><br>&#8211; Informa e orienta a equipe multiprofissional no inter-relacionamento com o paciente e o familiar\/cuidador.<br><br>&#8211; Desenvolve e participa de pesquisas e eventos cient\u00edficos relacionados \u00e0&nbsp;psicologia&nbsp;em reabilita\u00e7\u00e3o.<\/p>\n<\/div><figure class=\"wp-block-media-text__media\"><img decoding=\"async\" src=\"https:\/\/redelucymontoro.org.br\/site\/wp-content\/uploads\/2015\/07\/composicao_psicologia_01-447.jpg\" alt=\"Psicologia\" class=\"wp-image-84 size-full\"\/><\/figure><\/div>\n","protected":false},"excerpt":{"rendered":"","protected":false},"author":2,"featured_media":0,"parent":3397,"menu_order":0,"comment_status":"closed","ping_status":"closed","template":"","meta":{"_acf_changed":false,"inline_featured_image":false,"footnotes":""},"categories":[],"tags":[],"class_list":["post-3520","page","type-page","status-publish"],"acf":[],"_links":{"self":[{"href":"https:\/\/redelucymontoro.org.br\/site\/wp-json\/wp\/v2\/pages\/3520","targetHints":{"allow":["GET"]}}],"collection":[{"href":"https:\/\/redelucymontoro.org.br\/site\/wp-json\/wp\/v2\/pages"}],"about":[{"href":"https:\/\/redelucymontoro.org.br\/site\/wp-json\/wp\/v2\/types\/page"}],"author":[{"embeddable":true,"href":"https:\/\/redelucymontoro.org.br\/site\/wp-json\/wp\/v2\/users\/2"}],"replies":[{"embeddable":true,"href":"https:\/\/redelucymontoro.org.br\/site\/wp-json\/wp\/v2\/comments?post=3520"}],"version-history":[{"count":0,"href":"https:\/\/redelucymontoro.org.br\/site\/wp-json\/wp\/v2\/pages\/3520\/revisions"}],"up":[{"embeddable":true,"href":"https:\/\/redelucymontoro.org.br\/site\/wp-json\/wp\/v2\/pages\/3397"}],"wp:attachment":[{"href":"https:\/\/redelucymontoro.org.br\/site\/wp-json\/wp\/v2\/media?parent=3520"}],"wp:term":[{"taxonomy":"category","embeddable":true,"href":"https:\/\/redelucymontoro.org.br\/site\/wp-json\/wp\/v2\/categories?post=3520"},{"taxonomy":"post_tag","embeddable":true,"href":"https:\/\/redelucymontoro.org.br\/site\/wp-json\/wp\/v2\/tags?post=3520"}],"curies":[{"name":"wp","href":"https:\/\/api.w.org\/{rel}","templated":true}]}}