{"id":3504,"date":"2024-04-04T19:34:31","date_gmt":"2024-04-04T22:34:31","guid":{"rendered":"https:\/\/dev.redelucymontoro.org.br\/novo\/?page_id=3504"},"modified":"2024-06-18T17:33:39","modified_gmt":"2024-06-18T20:33:39","slug":"servico-medico","status":"publish","type":"page","link":"https:\/\/redelucymontoro.org.br\/site\/reabilitacao\/composicao-da-equipe-de-reabilitacao\/servico-medico\/","title":{"rendered":"Servi\u00e7o m\u00e9dico"},"content":{"rendered":"\n<div class=\"wp-block-media-text has-media-on-the-right is-stacked-on-mobile is-vertically-aligned-top media-text-rl\" style=\"grid-template-columns:auto 35%\"><div class=\"wp-block-media-text__content\">\n<p>O m\u00e9dico fisiatra, especialista em Medicina F\u00edsica e Reabilita\u00e7\u00e3o, \u00e9 o respons\u00e1vel por acompanhar o processo de reabilita\u00e7\u00e3o dos pacientes e liderar a equipe de reabilita\u00e7\u00e3o multiprofissional e interdisciplinar.<\/p>\n\n\n\n<p>Esse profissional:<\/p>\n\n\n\n<ul class=\"wp-block-list\">\n<li>Realiza a consulta de avalia\u00e7\u00e3o inicial, conforme os protocolos institucionais;<\/li>\n\n\n\n<li>avalia os crit\u00e9rios de elegibilidade, define os diagn\u00f3sticos de incapacidade, cl\u00ednicos e funcionais, estabelece o progn\u00f3stico funcional e realiza o plano de tratamento individualizado, explicando ao paciente e\/ou seu cuidador e\/ou familiar;<\/li>\n\n\n\n<li>realiza orienta\u00e7\u00f5es ao paciente e\/ou cuidador e\/ou familiar quanto a preven\u00e7\u00e3o de agravos de doen\u00e7as cr\u00f4nicas e de agravos relacionados a incapacidade;<\/li>\n\n\n\n<li>acompanha o paciente em retornos m\u00e9dicos, fazendo adequa\u00e7\u00f5es no plano de tratamento;<\/li>\n\n\n\n<li>acompanha o tratamento de reabilita\u00e7\u00e3o do paciente;<\/li>\n\n\n\n<li>realiza a dispensa\u00e7\u00e3o de \u00f3rteses, pr\u00f3teses e\/ou meios auxiliares de locomo\u00e7\u00e3o, avaliando a adequa\u00e7\u00e3o ao paciente;<\/li>\n\n\n\n<li>realiza procedimentos m\u00e9dicos ou encaminha para sua realiza\u00e7\u00e3o;<\/li>\n\n\n\n<li>coordena a equipe de reabilita\u00e7\u00e3o multiprofissional e interdisciplinar, adequando objetivos e participando da decis\u00e3o de manuten\u00e7\u00e3o ou n\u00e3o do tratamento, em reuni\u00f5es de equipe;<\/li>\n\n\n\n<li>apoia o desenvolvimento de disciplinas e conte\u00fados relacionados \u00e0 \u00e1rea da reabilita\u00e7\u00e3o.<\/li>\n<\/ul>\n\n\n\n<p>Conforme a necessidade pode realizar tamb\u00e9m:<\/p>\n\n\n\n<ul class=\"wp-block-list\">\n<li>prescri\u00e7\u00e3o de medicamentos de compet\u00eancia da especialidade, orientando adequadamente o seu uso;<\/li>\n\n\n\n<li>prescri\u00e7\u00e3o de tecnologias assistivas (\u00f3rteses, pr\u00f3teses e\/ou meios auxiliares de locomo\u00e7\u00e3o);<\/li>\n\n\n\n<li>encaminhamentos para outras especialidades m\u00e9dicas;<\/li>\n\n\n\n<li>solicita\u00e7\u00e3o de exames complementares;<\/li>\n<\/ul>\n\n\n\n<p>O IMREA conta ainda com m\u00e9dicos consultores nas \u00e1reas de cardiologia, urologia, neurologia, medicina do sono, psiquiatria, infectologia e cl\u00ednica geral.<\/p>\n<\/div><figure class=\"wp-block-media-text__media\"><img fetchpriority=\"high\" decoding=\"async\" width=\"764\" height=\"1024\" src=\"https:\/\/redelucymontoro.org.br\/site\/wp-content\/uploads\/2024\/06\/Equipe-Servico-Medico_001v-764x1024.jpg\" alt=\"\" class=\"wp-image-9964 size-full\" srcset=\"https:\/\/redelucymontoro.org.br\/site\/wp-content\/uploads\/2024\/06\/Equipe-Servico-Medico_001v-764x1024.jpg 764w, https:\/\/redelucymontoro.org.br\/site\/wp-content\/uploads\/2024\/06\/Equipe-Servico-Medico_001v-224x300.jpg 224w, https:\/\/redelucymontoro.org.br\/site\/wp-content\/uploads\/2024\/06\/Equipe-Servico-Medico_001v-768x1029.jpg 768w, https:\/\/redelucymontoro.org.br\/site\/wp-content\/uploads\/2024\/06\/Equipe-Servico-Medico_001v.jpg 800w\" sizes=\"(max-width: 764px) 100vw, 764px\" \/><\/figure><\/div>\n","protected":false},"excerpt":{"rendered":"","protected":false},"author":2,"featured_media":0,"parent":3397,"menu_order":0,"comment_status":"closed","ping_status":"closed","template":"","meta":{"_acf_changed":false,"inline_featured_image":false,"footnotes":""},"categories":[],"tags":[],"class_list":["post-3504","page","type-page","status-publish"],"acf":[],"_links":{"self":[{"href":"https:\/\/redelucymontoro.org.br\/site\/wp-json\/wp\/v2\/pages\/3504","targetHints":{"allow":["GET"]}}],"collection":[{"href":"https:\/\/redelucymontoro.org.br\/site\/wp-json\/wp\/v2\/pages"}],"about":[{"href":"https:\/\/redelucymontoro.org.br\/site\/wp-json\/wp\/v2\/types\/page"}],"author":[{"embeddable":true,"href":"https:\/\/redelucymontoro.org.br\/site\/wp-json\/wp\/v2\/users\/2"}],"replies":[{"embeddable":true,"href":"https:\/\/redelucymontoro.org.br\/site\/wp-json\/wp\/v2\/comments?post=3504"}],"version-history":[{"count":0,"href":"https:\/\/redelucymontoro.org.br\/site\/wp-json\/wp\/v2\/pages\/3504\/revisions"}],"up":[{"embeddable":true,"href":"https:\/\/redelucymontoro.org.br\/site\/wp-json\/wp\/v2\/pages\/3397"}],"wp:attachment":[{"href":"https:\/\/redelucymontoro.org.br\/site\/wp-json\/wp\/v2\/media?parent=3504"}],"wp:term":[{"taxonomy":"category","embeddable":true,"href":"https:\/\/redelucymontoro.org.br\/site\/wp-json\/wp\/v2\/categories?post=3504"},{"taxonomy":"post_tag","embeddable":true,"href":"https:\/\/redelucymontoro.org.br\/site\/wp-json\/wp\/v2\/tags?post=3504"}],"curies":[{"name":"wp","href":"https:\/\/api.w.org\/{rel}","templated":true}]}}