{"id":3422,"date":"2024-04-04T18:00:18","date_gmt":"2024-04-04T21:00:18","guid":{"rendered":"https:\/\/dev.redelucymontoro.org.br\/novo\/?page_id=3422"},"modified":"2024-04-24T22:32:10","modified_gmt":"2024-04-25T01:32:10","slug":"melhoria-da-qualidade-dos-servicos","status":"publish","type":"page","link":"https:\/\/redelucymontoro.org.br\/site\/area-do-paciente\/melhoria-da-qualidade-dos-servicos\/","title":{"rendered":"Melhoria da qualidade dos servi\u00e7os"},"content":{"rendered":"\n<p>As equipes t\u00e9cnica e administrativa do IMREA se esfor\u00e7am para tornar a experi\u00eancia do paciente e cuidador o mais agrad\u00e1vel e bem sucedida poss\u00edvel. Para a Institui\u00e7\u00e3o \u00e9 importante saber se todos est\u00e3o recebendo um servi\u00e7o de excel\u00eancia. As informa\u00e7\u00f5es obtidas por meio da Ouvidoria e da Pesquisa de Opini\u00e3o s\u00e3o essenciais para alcan\u00e7ar esse objetivo.<\/p>\n\n\n\n<h2 class=\"wp-block-heading headline-4 mb-m\">Pesquisa de opini\u00e3o<\/h2>\n\n\n\n<p>A Institui\u00e7\u00e3o disponibiliza a Pesquisa de Satisfa\u00e7\u00e3o do Cliente, que \u00e9 uma ferramenta de avalia\u00e7\u00e3o da qualidade do atendimento e visa garantir ao paciente um pronto feedback e an\u00e1lise interna dos pontos cr\u00edticos e das oportunidades de melhoria.<br><br>O formul\u00e1rio da pesquisa est\u00e1 dispon\u00edvel nas recep\u00e7\u00f5es de todas as unidades e pode ser solicitado a qualquer momento aos profissionais assistenciais. Ap\u00f3s o preenchimento, a pesquisa deve ser depositada nas urnas que se encontram nas recep\u00e7\u00f5es das unidades.<\/p>\n\n\n\n<h2 class=\"wp-block-heading headline-4 mb-m\">Ouvidoria<\/h2>\n\n\n\n<p>Para saber mais&nbsp;<a href=\"https:\/\/www.redelucymontoro.org.br\/site\/ouvidoria.html\">clique aqui.<\/a><\/p>\n","protected":false},"excerpt":{"rendered":"","protected":false},"author":2,"featured_media":0,"parent":3404,"menu_order":0,"comment_status":"closed","ping_status":"closed","template":"","meta":{"_acf_changed":false,"inline_featured_image":false,"footnotes":""},"categories":[],"tags":[90],"class_list":{"0":"post-3422","1":"page","2":"type-page","3":"status-publish","5":"tag-narrow"},"acf":[],"_links":{"self":[{"href":"https:\/\/redelucymontoro.org.br\/site\/wp-json\/wp\/v2\/pages\/3422","targetHints":{"allow":["GET"]}}],"collection":[{"href":"https:\/\/redelucymontoro.org.br\/site\/wp-json\/wp\/v2\/pages"}],"about":[{"href":"https:\/\/redelucymontoro.org.br\/site\/wp-json\/wp\/v2\/types\/page"}],"author":[{"embeddable":true,"href":"https:\/\/redelucymontoro.org.br\/site\/wp-json\/wp\/v2\/users\/2"}],"replies":[{"embeddable":true,"href":"https:\/\/redelucymontoro.org.br\/site\/wp-json\/wp\/v2\/comments?post=3422"}],"version-history":[{"count":0,"href":"https:\/\/redelucymontoro.org.br\/site\/wp-json\/wp\/v2\/pages\/3422\/revisions"}],"up":[{"embeddable":true,"href":"https:\/\/redelucymontoro.org.br\/site\/wp-json\/wp\/v2\/pages\/3404"}],"wp:attachment":[{"href":"https:\/\/redelucymontoro.org.br\/site\/wp-json\/wp\/v2\/media?parent=3422"}],"wp:term":[{"taxonomy":"category","embeddable":true,"href":"https:\/\/redelucymontoro.org.br\/site\/wp-json\/wp\/v2\/categories?post=3422"},{"taxonomy":"post_tag","embeddable":true,"href":"https:\/\/redelucymontoro.org.br\/site\/wp-json\/wp\/v2\/tags?post=3422"}],"curies":[{"name":"wp","href":"https:\/\/api.w.org\/{rel}","templated":true}]}}