{"id":3414,"date":"2024-04-04T17:56:31","date_gmt":"2024-04-04T20:56:31","guid":{"rendered":"https:\/\/dev.redelucymontoro.org.br\/novo\/?page_id=3414"},"modified":"2024-08-01T21:11:33","modified_gmt":"2024-08-02T00:11:33","slug":"dicas","status":"publish","type":"page","link":"https:\/\/redelucymontoro.org.br\/site\/area-do-paciente\/dicas\/","title":{"rendered":"Dicas"},"content":{"rendered":"\n<figure class=\"gb-block-image gb-block-image-7d69f902\"><img decoding=\"async\" class=\"gb-image gb-image-7d69f902\" src=\"https:\/\/redelucymontoro.org.br\/site\/wp-content\/uploads\/2015\/07\/orientacao_02-41f.jpg\"\/><\/figure>\n\n\n\n<h2 class=\"wp-block-heading headline-4\">Participe ativamente do seu tratamento<\/h2>\n\n\n\n<ul class=\"wp-block-list custom-list\">\n<li>N\u00e3o tenha medo de fazer perguntas. Queremos que esteja informado sobre a sua sa\u00fade e tratamento.<\/li>\n\n\n\n<li>Voc\u00ea e seu m\u00e9dico devem estar de acordo com o plano de tratamento.<\/li>\n\n\n\n<li>Se tiver d\u00favidas sobre a sua defici\u00eancia ou tratamento, solicite mais informa\u00e7\u00f5es ao seu m\u00e9dico.<\/li>\n\n\n\n<li>Se o seu hist\u00f3rico m\u00e9dico \u00e9 complexo, aconselhamos-no a documentar as informa\u00e7\u00f5es relativas aos tratamentos recebidos anteriormente, com os respectivos nomes das institui\u00e7\u00f5es m\u00e9dicas, datas, nomes dos m\u00e9dicos e seus telefones para contato.<\/li>\n<\/ul>\n\n\n\n<hr class=\"wp-block-separator has-alpha-channel-opacity\"\/>\n\n\n\n<h2 class=\"wp-block-heading headline-4\">Concentre-se no atendimento que est\u00e1 recebendo<\/h2>\n\n\n\n<ul class=\"wp-block-list custom-list\">\n<li>Caso n\u00e3o conhe\u00e7a algum membro da equipe de atendimento ou n\u00e3o se lembre de algum nome, n\u00e3o hesite em pedir para que ele se identifique.<\/li>\n\n\n\n<li>A higiene das m\u00e3os \u00e9 o mais importante para prevenir infec\u00e7\u00f5es. Se voc\u00ea perceber que um dos membros da equipe de atendimento n\u00e3o lavou as m\u00e3os, n\u00e3o hesite em lembr\u00e1-lo.<\/li>\n\n\n\n<li>Participe de forma respons\u00e1vel e ativa em seu tratamento.<\/li>\n<\/ul>\n\n\n\n<hr class=\"wp-block-separator has-alpha-channel-opacity\"\/>\n\n\n\n<figure class=\"gb-block-image gb-block-image-cb3c9a45\"><img decoding=\"async\" class=\"gb-image gb-image-cb3c9a45\" src=\"https:\/\/redelucymontoro.org.br\/site\/wp-content\/uploads\/2015\/07\/orientacao_03-7c9.jpg\"\/><\/figure>\n\n\n\n<h2 class=\"wp-block-heading headline-4\">Saiba mais sobre o seu diagn\u00f3stico e tratamento<\/h2>\n\n\n\n<ul class=\"wp-block-list custom-list\">\n<li>Certifique-se de ler e compreender os formul\u00e1rios m\u00e9dicos antes de assin\u00e1-los.<\/li>\n\n\n\n<li>Fa\u00e7a uma lista com informa\u00e7\u00f5es importantes para o seu autocuidado, conforme o seu m\u00e9dico e demais membros da equipe de atendimento lhe orientaram.<\/li>\n\n\n\n<li>Traga a pasta fornecida pelo IMREA em todas as terapias e consultas. Utilize-a para guardar os impressos e cartilhas fornecidos pelos nossos profissionais e consultar o material em sua casa sempre que necess\u00e1rio.<\/li>\n\n\n\n<li>Certifique-se de entender os cuidados que dever\u00e1 adotar ap\u00f3s a alta, incluindo os materiais educativos fornecidos durante o tratamento.<\/li>\n<\/ul>\n","protected":false},"excerpt":{"rendered":"","protected":false},"author":2,"featured_media":0,"parent":3404,"menu_order":0,"comment_status":"closed","ping_status":"closed","template":"","meta":{"_acf_changed":false,"inline_featured_image":false,"footnotes":""},"categories":[],"tags":[90],"class_list":{"0":"post-3414","1":"page","2":"type-page","3":"status-publish","5":"tag-narrow"},"acf":[],"_links":{"self":[{"href":"https:\/\/redelucymontoro.org.br\/site\/wp-json\/wp\/v2\/pages\/3414","targetHints":{"allow":["GET"]}}],"collection":[{"href":"https:\/\/redelucymontoro.org.br\/site\/wp-json\/wp\/v2\/pages"}],"about":[{"href":"https:\/\/redelucymontoro.org.br\/site\/wp-json\/wp\/v2\/types\/page"}],"author":[{"embeddable":true,"href":"https:\/\/redelucymontoro.org.br\/site\/wp-json\/wp\/v2\/users\/2"}],"replies":[{"embeddable":true,"href":"https:\/\/redelucymontoro.org.br\/site\/wp-json\/wp\/v2\/comments?post=3414"}],"version-history":[{"count":0,"href":"https:\/\/redelucymontoro.org.br\/site\/wp-json\/wp\/v2\/pages\/3414\/revisions"}],"up":[{"embeddable":true,"href":"https:\/\/redelucymontoro.org.br\/site\/wp-json\/wp\/v2\/pages\/3404"}],"wp:attachment":[{"href":"https:\/\/redelucymontoro.org.br\/site\/wp-json\/wp\/v2\/media?parent=3414"}],"wp:term":[{"taxonomy":"category","embeddable":true,"href":"https:\/\/redelucymontoro.org.br\/site\/wp-json\/wp\/v2\/categories?post=3414"},{"taxonomy":"post_tag","embeddable":true,"href":"https:\/\/redelucymontoro.org.br\/site\/wp-json\/wp\/v2\/tags?post=3414"}],"curies":[{"name":"wp","href":"https:\/\/api.w.org\/{rel}","templated":true}]}}