{"id":3395,"date":"2024-04-04T16:16:16","date_gmt":"2024-04-04T19:16:16","guid":{"rendered":"https:\/\/dev.redelucymontoro.org.br\/novo\/?page_id=3395"},"modified":"2025-09-26T13:25:39","modified_gmt":"2025-09-26T16:25:39","slug":"criterios-de-elegibilidade","status":"publish","type":"page","link":"https:\/\/redelucymontoro.org.br\/site\/reabilitacao\/criterios-de-elegibilidade\/","title":{"rendered":"Crit\u00e9rios de elegibilidade"},"content":{"rendered":"\n<h2 class=\"gb-headline gb-headline-57433b67 gb-headline-text headline-5\">A) Para tratamento de reabilita\u00e7\u00e3o em regime ambulatorial:<\/h2>\n\n\n\n<p><strong>1)&nbsp;Crian\u00e7as, adolescentes e adultos, com incapacidades adquiridas e que apresentem limita\u00e7\u00f5es \u00e0s atividades b\u00e1sicas e instrumentais de vida di\u00e1ria:<\/strong><\/p>\n\n\n\n<ul class=\"wp-block-list custom-list\">\n<li>Diagn\u00f3stico definido (encaminhamento m\u00e9dico com letra leg\u00edvel, assinado e carimbado);<\/li>\n\n\n\n<li>Tempo de les\u00e3o e\/ou instala\u00e7\u00e3o da incapacidade menor que 4 anos;<\/li>\n\n\n\n<li class=\"X\">Estabilidade cl\u00ednica:\n<ul class=\"wp-block-list\">\n<li>Controle das doen\u00e7as de base (como diabetes melitus, hipertens\u00e3o arterial sist\u00eamica, insufici\u00eancia card\u00edaca cr\u00f4nica, doen\u00e7a pulmonar obstrutiva cr\u00f4nica, doen\u00e7as psiqui\u00e1tricas, renais, pulmonares, card\u00edacas, oncol\u00f3gicas, infecciosas, dentre outros) e acompanhamento m\u00e9dico em equipamentos da comunidade das mesmas;<\/li>\n\n\n\n<li>Controle e acompanhamento m\u00e9dico na comunidade do fator relacionado \u00e0 causa da incapacidade;<\/li>\n<\/ul>\n<\/li>\n\n\n\n<li>Crises convulsivas controladas (\u00faltima crise h\u00e1 mais de tr\u00eas meses);<\/li>\n\n\n\n<li>Aus\u00eancia de les\u00f5es por press\u00e3o de grau III e IV;<\/li>\n\n\n\n<li>Aus\u00eancia de dispositivos de ventila\u00e7\u00e3o mec\u00e2nica e ou oxig\u00eanio terapia;<\/li>\n\n\n\n<li>Aus\u00eancia de coma vigil;<\/li>\n\n\n\n<li>Aus\u00eancia de toxicomania ativa;<\/li>\n\n\n\n<li>Aus\u00eancia de quadros demenciais ou de defici\u00eancia intelectual moderada ou grave;<\/li>\n\n\n\n<li>Apresentar retaguarda de transporte;<\/li>\n\n\n\n<li>Apresentar retaguarda familiar ou social.<\/li>\n<\/ul>\n\n\n\n<div style=\"height:16px\" aria-hidden=\"true\" class=\"wp-block-spacer\"><\/div>\n\n\n\n<p><strong>2)&nbsp;Crian\u00e7as com paralisia cerebral, mielomeningocele, m\u00e1 forma\u00e7\u00e3o cong\u00eanita de membros e atraso no desenvolvimento neuropsicomotor:<\/strong><\/p>\n\n\n\n<ul class=\"wp-block-list custom-list\">\n<li>Idade at\u00e9 6 anos, 11 meses e 29 dias;<\/li>\n\n\n\n<li>Diagn\u00f3stico definido (encaminhamento m\u00e9dico com letra leg\u00edvel, assinado e carimbado);<\/li>\n\n\n\n<li>Estabilidade cl\u00ednica:\n<ul class=\"wp-block-list\">\n<li>Controle das doen\u00e7as de base (diabetes melitus, hipertens\u00e3o arterial sist\u00eamica, insufici\u00eancia card\u00edaca cr\u00f4nica, doen\u00e7a pulmonar obstrutiva cr\u00f4nica, doen\u00e7as psiqui\u00e1tricas, renais, pulmonares, card\u00edacas, oncol\u00f3gicas, infecciosas, dentre outros) e acompanhamento m\u00e9dico em equipamentos da comunidade das mesmas;<\/li>\n\n\n\n<li>Controle e acompanhamento m\u00e9dico na comunidade do fator relacionado \u00e0 causa da incapacidade;<\/li>\n<\/ul>\n<\/li>\n\n\n\n<li>Crises convulsivas controladas (\u00faltima crise h\u00e1 mais de tr\u00eas meses);<\/li>\n\n\n\n<li>Aus\u00eancia de les\u00f5es por press\u00e3o de grau III e IV;<\/li>\n\n\n\n<li>Aus\u00eancia de dispositivos de ventila\u00e7\u00e3o mec\u00e2nica e ou oxig\u00eanio terapia;<\/li>\n\n\n\n<li>Aus\u00eancia de coma vigil;<\/li>\n\n\n\n<li>Aus\u00eancia de defici\u00eancia intelectual moderada ou grave;<\/li>\n\n\n\n<li>Apresentar retaguarda de transporte;<\/li>\n\n\n\n<li>Apresentar retaguarda familiar ou social.<\/li>\n<\/ul>\n\n\n\n<div style=\"height:8px\" aria-hidden=\"true\" class=\"wp-block-spacer\"><\/div>\n\n\n\n<h2 class=\"gb-headline gb-headline-e5fd1ac4 gb-headline-text headline-5\">B) Para tratamento de reabilita\u00e7\u00e3o em regime de interna\u00e7\u00e3o:<\/h2>\n\n\n\n<p>Para pacientes que apresentem limita\u00e7\u00f5es \u00e0s atividades b\u00e1sicas e instrumentais de vida di\u00e1ria e possuam perfil para que se beneficiem do tratamento intensivo, conforme as incapacidades atendidas:<\/p>\n\n\n\n<ul class=\"wp-block-list custom-list\">\n<li>Idade acima de 12 anos;<\/li>\n\n\n\n<li>Diagn\u00f3stico definido (encaminhamento m\u00e9dico com letra leg\u00edvel, assinado e carimbado);<\/li>\n\n\n\n<li>Tempo de les\u00e3o e\/ou instala\u00e7\u00e3o da incapacidade menor que 2 anos;<\/li>\n\n\n\n<li>Estabilidade cl\u00ednica:\n<ul class=\"wp-block-list\">\n<li>Controle das doen\u00e7as de base (diabetes melitus, hipertens\u00e3o arterial sist\u00eamica, insufici\u00eancia card\u00edaca cr\u00f4nica, doen\u00e7a pulmonar obstrutiva cr\u00f4nica, doen\u00e7as psiqui\u00e1tricas, renais, pulmonares, card\u00edacas, oncol\u00f3gicas, infecciosas, dentre outros) e acompanhamento m\u00e9dico em equipamentos da comunidade das mesmas;<\/li>\n\n\n\n<li>Controle e acompanhamento m\u00e9dico na comunidade do fator relacionado \u00e0 causa da incapacidade;<\/li>\n<\/ul>\n<\/li>\n\n\n\n<li>Crises convulsivas controladas (\u00faltima crise h\u00e1 mais de tr\u00eas meses);<\/li>\n\n\n\n<li>Aus\u00eancia de les\u00f5es por press\u00e3o de grau III e IV;<\/li>\n\n\n\n<li>Aus\u00eancia de dispositivos de ventila\u00e7\u00e3o mec\u00e2nica e ou oxig\u00eanio terapia;<\/li>\n\n\n\n<li>Aus\u00eancia de insufici\u00eancia renal cr\u00f4nica dial\u00edtica;<\/li>\n\n\n\n<li>Pacientes com Deriva\u00e7\u00e3o Ventr\u00edculo Peritoneal com comprova\u00e7\u00e3o de seguimento neurol\u00f3gico e relat\u00f3rio recente (2 meses), demonstrando estabilidade neurol\u00f3gica, estando descartadas novas interven\u00e7\u00f5es cir\u00fargicas;<\/li>\n\n\n\n<li>Aus\u00eancia de toxicomania ativa;<\/li>\n\n\n\n<li>Aus\u00eancia de quadros demenciais ou de defici\u00eancia intelectual moderada ou grave;<\/li>\n\n\n\n<li>Aus\u00eancia de altera\u00e7\u00e3o cognitiva grave;<\/li>\n\n\n\n<li>Aus\u00eancia de coma vigil;<\/li>\n\n\n\n<li>Apresentar retaguarda de transporte;<\/li>\n\n\n\n<li>Apresentar retaguarda familiar ou social.<\/li>\n<\/ul>\n\n\n\n<div style=\"height:16px\" aria-hidden=\"true\" class=\"wp-block-spacer\"><\/div>\n\n\n\n<p><strong>1) No momento da interna\u00e7\u00e3o, o paciente deve apresentar:<\/strong><\/p>\n\n\n\n<ul class=\"wp-block-list custom-list\">\n<li>Aus\u00eancia de infec\u00e7\u00f5es respirat\u00f3rias, urin\u00e1rias ou de outro s\u00edtio;<\/li>\n\n\n\n<li>Aus\u00eancia de hipersecretividade respirat\u00f3ria;<\/li>\n\n\n\n<li>Aus\u00eancia de febre.<\/li>\n<\/ul>\n\n\n\n<div style=\"height:16px\" aria-hidden=\"true\" class=\"wp-block-spacer\"><\/div>\n\n\n\n<p><strong>2) O Cuidador deve apresentar:<\/strong><\/p>\n\n\n\n<ul class=\"wp-block-list custom-list\">\n<li>Idade: entre 18 anos e 65 anos;<\/li>\n\n\n\n<li>Estabilidade e controle cl\u00ednico das doen\u00e7as de base;<\/li>\n\n\n\n<li>Aus\u00eancia de doen\u00e7as infectocontagiosas;<\/li>\n\n\n\n<li>Estabilidade psiqui\u00e1trica;<\/li>\n\n\n\n<li>Aus\u00eancia de risco de s\u00edndrome de abstin\u00eancia de \u00e1lcool, drogas ou tabaco;<\/li>\n\n\n\n<li>Ci\u00eancia de que acompanhar\u00e1 o tratamento durante a interna\u00e7\u00e3o e dever\u00e1 dar seguimento \u00e0s orienta\u00e7\u00f5es em domic\u00edlio.<\/li>\n<\/ul>\n\n\n\n<p><\/p>\n","protected":false},"excerpt":{"rendered":"","protected":false},"author":2,"featured_media":0,"parent":3360,"menu_order":0,"comment_status":"closed","ping_status":"closed","template":"","meta":{"_acf_changed":false,"inline_featured_image":false,"footnotes":""},"categories":[],"tags":[90],"class_list":{"0":"post-3395","1":"page","2":"type-page","3":"status-publish","5":"tag-narrow"},"acf":[],"_links":{"self":[{"href":"https:\/\/redelucymontoro.org.br\/site\/wp-json\/wp\/v2\/pages\/3395","targetHints":{"allow":["GET"]}}],"collection":[{"href":"https:\/\/redelucymontoro.org.br\/site\/wp-json\/wp\/v2\/pages"}],"about":[{"href":"https:\/\/redelucymontoro.org.br\/site\/wp-json\/wp\/v2\/types\/page"}],"author":[{"embeddable":true,"href":"https:\/\/redelucymontoro.org.br\/site\/wp-json\/wp\/v2\/users\/2"}],"replies":[{"embeddable":true,"href":"https:\/\/redelucymontoro.org.br\/site\/wp-json\/wp\/v2\/comments?post=3395"}],"version-history":[{"count":1,"href":"https:\/\/redelucymontoro.org.br\/site\/wp-json\/wp\/v2\/pages\/3395\/revisions"}],"predecessor-version":[{"id":12424,"href":"https:\/\/redelucymontoro.org.br\/site\/wp-json\/wp\/v2\/pages\/3395\/revisions\/12424"}],"up":[{"embeddable":true,"href":"https:\/\/redelucymontoro.org.br\/site\/wp-json\/wp\/v2\/pages\/3360"}],"wp:attachment":[{"href":"https:\/\/redelucymontoro.org.br\/site\/wp-json\/wp\/v2\/media?parent=3395"}],"wp:term":[{"taxonomy":"category","embeddable":true,"href":"https:\/\/redelucymontoro.org.br\/site\/wp-json\/wp\/v2\/categories?post=3395"},{"taxonomy":"post_tag","embeddable":true,"href":"https:\/\/redelucymontoro.org.br\/site\/wp-json\/wp\/v2\/tags?post=3395"}],"curies":[{"name":"wp","href":"https:\/\/api.w.org\/{rel}","templated":true}]}}