{"id":3390,"date":"2024-04-04T16:15:24","date_gmt":"2024-04-04T19:15:24","guid":{"rendered":"https:\/\/dev.redelucymontoro.org.br\/novo\/?page_id=3390"},"modified":"2024-04-10T20:45:01","modified_gmt":"2024-04-10T23:45:01","slug":"processo-de-triagem-e-admissao-para-programa-de-reabilitacao","status":"publish","type":"page","link":"https:\/\/redelucymontoro.org.br\/site\/reabilitacao\/processo-de-triagem-e-admissao-para-programa-de-reabilitacao\/","title":{"rendered":"Processo de triagem e admiss\u00e3o para programa de reabilita\u00e7\u00e3o"},"content":{"rendered":"\n<p>Para tratamento de reabilita\u00e7\u00e3o na modalidade ambulatorial ou interna\u00e7\u00e3o, \u00e9 necess\u00e1rio agendar triagem e avalia\u00e7\u00e3o multiprofissional. As vagas do Sistema \u00danico de Sa\u00fade (SUS) s\u00e3o gerenciadas pela Regula\u00e7\u00e3o Ambulatorial da Secretaria de Estado da Sa\u00fade (SES) por meio do sistema SIRESP.<br><br>Para iniciar o processo de agendamento, \u00e9 necess\u00e1rio que o&nbsp;Relat\u00f3rio para Central de Regula\u00e7\u00e3o RRLM&nbsp;seja inserido no SIRESP, preenchido de forma leg\u00edvel e completa (todos os campos), por um m\u00e9dico\/institui\u00e7\u00e3o SUS, com carimbo e data (tamb\u00e9m leg\u00edveis). A partir disso, o m\u00e9dico regulador da Secretaria de Estado da Sa\u00fade (SES) ir\u00e1 avali\u00e1-lo quanto aos crit\u00e9rios de elegibilidade. Caso as informa\u00e7\u00f5es apresentadas estejam de acordo com o protocolo assistencial, a Regula\u00e7\u00e3o da SES agendar\u00e1 uma data de triagem na unidade da Rede Lucy Montoro com data&nbsp;dispon\u00edvel&nbsp;mais pr\u00f3xima para atendimento do diagn\u00f3stico do solicitante.<\/p>\n\n\n\n<iframe src=\"https:\/\/drive.google.com\/file\/d\/1uDRC7zEBZzNaiXbBG0iVJMNVG7W4tazr\/preview\" width=\"640\" height=\"480\"><\/iframe>\n\n\n\n<div style=\"height:40px\" aria-hidden=\"true\" class=\"wp-block-spacer\"><\/div>\n\n\n\n<p>De acordo com informa\u00e7\u00f5es do Grupo de Regula\u00e7\u00e3o da SES, essas s\u00e3o as unidades solicitantes que comp\u00f5em a \u00e1rvore regulat\u00f3ria das unidades da Capital (IMREA Vila Mariana; IMREA Cl\u00ednicas; IMREA Lapa; IMREA Umarizal e IRLM Morumbi):<\/p>\n\n\n\n<ul class=\"wp-block-list\">\n<li>AE &#8211; PERUS<\/li>\n\n\n\n<li>AE &#8211; PINHEIROS<\/li>\n\n\n\n<li>AE &#8211; PROF MARIA CF DONNANGELO<\/li>\n\n\n\n<li>AE &#8211; SANTA CRUZ<\/li>\n\n\n\n<li>AE &#8211; VARZEA DO CARMO<\/li>\n\n\n\n<li>AH INTERLAGOS<\/li>\n\n\n\n<li>AH MANDAQUI<\/li>\n\n\n\n<li>AH PEROLA BYINGTON &#8211; CRSM<\/li>\n\n\n\n<li>AH REG SUL &#8211; ARES<\/li>\n\n\n\n<li>AME BARRADAS<\/li>\n\n\n\n<li>AME BOURROUL<\/li>\n\n\n\n<li>AME CARAPICUIBA<\/li>\n\n\n\n<li>AME IDOSO OESTE<\/li>\n\n\n\n<li>AME IDOSO SUDESTE<\/li>\n\n\n\n<li>AME INTERLAGOS<\/li>\n\n\n\n<li>AME ITAPEVI<\/li>\n\n\n\n<li>AME JD DOS PRADOS<\/li>\n\n\n\n<li>AME MARIA ZELIA<\/li>\n\n\n\n<li>AME MAU\u00c1<\/li>\n\n\n\n<li>AME MOGI DAS CRUZES<\/li>\n\n\n\n<li>AME SANTO ANDRE<\/li>\n\n\n\n<li>AME TABO\u00c3O DA SERRA<\/li>\n\n\n\n<li>AME VILA MARIA &#8211; PSIQUIATRIA<\/li>\n\n\n\n<li>CENTRAL REG DE ACESSO &#8211; SMSSP<\/li>\n\n\n\n<li>CER II BUTANTA<\/li>\n\n\n\n<li>CER II CIDADE TIRADENTES<\/li>\n\n\n\n<li>CER II ERMELINO MATARAZZO<\/li>\n\n\n\n<li>CER II FREGUESIA DO O BRASILANDIA<\/li>\n\n\n\n<li>CER II GUAIANASES<\/li>\n\n\n\n<li>CER II JD CAMARGO NOVO<\/li>\n\n\n\n<li>CER II JD CAMPOS<\/li>\n\n\n\n<li>CER II JD TIETE I<\/li>\n\n\n\n<li>CER II PARELHEIROS<\/li>\n\n\n\n<li>CER II TATUAPE DR SALOMAO CROCHIK&nbsp;<\/li>\n\n\n\n<li>CER II TUCURUVI<\/li>\n\n\n\n<li>CER II VILA MARIANA<\/li>\n\n\n\n<li>CER II VILA PRUDENTE<\/li>\n\n\n\n<li>CER III CAMPO LIMPO<\/li>\n\n\n\n<li>CER III CARANDIRU<\/li>\n\n\n\n<li>CER III CIDADE ADEMAR<\/li>\n\n\n\n<li>CER III LAPA \u00b7&nbsp; CER III PENHA<\/li>\n\n\n\n<li>CER III SANTO AMARO<\/li>\n\n\n\n<li>CER III SAPOPEMBA<\/li>\n\n\n\n<li>CER III SE<\/li>\n\n\n\n<li>CER IV FLAVIO GIANNOTTI<\/li>\n\n\n\n<li>CER IV M BOI MIRIM<\/li>\n\n\n\n<li>CER IV MILTON ALDRED<\/li>\n\n\n\n<li>CER IV SAO MIGUEL<\/li>\n\n\n\n<li>CER JD SOARES<\/li>\n\n\n\n<li>CER PARQUE ARTHUR ALVIM<\/li>\n\n\n\n<li>CER VILA NOSSA SENHORA APARECIDA<\/li>\n\n\n\n<li>COORD CENTRO<\/li>\n\n\n\n<li>COORD LESTE<\/li>\n\n\n\n<li>COORD NORTE<\/li>\n\n\n\n<li>COORD OESTE<\/li>\n\n\n\n<li>COORD SUDESTE<\/li>\n\n\n\n<li>COORD SUL<\/li>\n\n\n\n<li>CR DSTAIDS SAO PAULO<\/li>\n\n\n\n<li>CRI ZONA NORTE<\/li>\n\n\n\n<li>DRS I &#8211; GRANDE SAO PAULO<\/li>\n\n\n\n<li>HOSP ARNALDO PEZZUTI<\/li>\n\n\n\n<li>HOSP BRIGADEIRO<\/li>\n\n\n\n<li>HOSP CACHOEIRINHA<\/li>\n\n\n\n<li>HOSP CARAPICUIBA<\/li>\n\n\n\n<li>HOSP COTIA<\/li>\n\n\n\n<li>HOSP DANTE PAZZANESE<\/li>\n\n\n\n<li>HOSP DARCY VARGAS<\/li>\n\n\n\n<li>HOSP DAS CLINICAS &#8211; ICHC<\/li>\n\n\n\n<li>HOSP EMILIO RIBAS<\/li>\n\n\n\n<li>HOSP EST DE DIADEMA<\/li>\n\n\n\n<li>HOSP EST DR ALBANO FR SOBRINHO<\/li>\n\n\n\n<li>HOSP FERRAZ DE VASCONCELOS<\/li>\n\n\n\n<li>HOSP FRANCISCO MORATO<\/li>\n\n\n\n<li>HOSP GERAL DE GUAIANASES<\/li>\n\n\n\n<li>HOSP GERAL GUARULHOS<\/li>\n\n\n\n<li>HOSP GRAJAU<\/li>\n\n\n\n<li>HOSP HELIOPOLIS<\/li>\n\n\n\n<li>HOSP INF CANDIDO FONTOURA<\/li>\n\n\n\n<li>HOSP IPIRANGA<\/li>\n\n\n\n<li>HOSP ITAIM PAULISTA<\/li>\n\n\n\n<li>HOSP ITAPECERICA DA SERRA<\/li>\n\n\n\n<li>HOSP ITAPEVI<\/li>\n\n\n\n<li>HOSP JUQUERY<\/li>\n\n\n\n<li>HOSP LUZIA P MELO<\/li>\n\n\n\n<li>HOSP MANDAQUI<\/li>\n\n\n\n<li>HOSP MARIO COVAS<\/li>\n\n\n\n<li>HOSP MAT LEONOR MENDES BARROS<\/li>\n\n\n\n<li>HOSP PADRE BENTO<\/li>\n\n\n\n<li>HOSP PEDREIRA<\/li>\n\n\n\n<li>HOSP PIRAJUSSARA<\/li>\n\n\n\n<li>HOSP REG DE OSASCO<\/li>\n\n\n\n<li>HOSP REG SUL<\/li>\n\n\n\n<li>HOSP SANTA MARCELINA<\/li>\n\n\n\n<li>HOSP SAO JOSE &#8211; HGVNC<\/li>\n\n\n\n<li>HOSP SAO MATEUS<\/li>\n\n\n\n<li>HOSP SAO PAULO &#8211; UNIFESP<\/li>\n\n\n\n<li>HOSP SAPOPEMBA<\/li>\n\n\n\n<li>HOSP SM DE ITAQUAQUECETUBA<\/li>\n\n\n\n<li>HOSP TAIPAS<\/li>\n\n\n\n<li>HOSP UNIV DA USP<\/li>\n\n\n\n<li>HOSP VILA ALPINA<\/li>\n\n\n\n<li>HOSP VILA PENTEADO<\/li>\n\n\n\n<li>INST CLEMENTE FERREIRA<\/li>\n\n\n\n<li>IPGG<\/li>\n\n\n\n<li>IMREA CLINICAS<\/li>\n\n\n\n<li>IMREA LAPA<\/li>\n\n\n\n<li>IMREA UMARIZAL<\/li>\n\n\n\n<li>IMREA VILA MARIANA&nbsp;<\/li>\n\n\n\n<li>NIR JACANA<\/li>\n\n\n\n<li>REGIAO DE SAUDE &#8211; ALTO DO TIETE<\/li>\n\n\n\n<li>REGIAO DE SAUDE &#8211; FRANCO DA ROCHA<\/li>\n\n\n\n<li>REGIAO DE SAUDE &#8211; GRANDE ABC<\/li>\n\n\n\n<li>REGIAO DE SAUDE &#8211; MANANCIAIS<\/li>\n\n\n\n<li>REGIAO DE SAUDE &#8211; ROTA DOS BANDEIRANTES<\/li>\n\n\n\n<li>REGIAO DE SAUDE &#8211; SAO PAULO<\/li>\n\n\n\n<li>SANTA CASA SAO PAULO<\/li>\n\n\n\n<li>SMS &#8211; ARUJA<\/li>\n\n\n\n<li>SMS &#8211; BARUERI<\/li>\n\n\n\n<li>SMS &#8211; BIRITIBA MIRIM<\/li>\n\n\n\n<li>SMS &#8211; CAIEIRAS<\/li>\n\n\n\n<li>SMS &#8211; CAJAMAR<\/li>\n\n\n\n<li>SMS &#8211; CARAPICUIBA<\/li>\n\n\n\n<li>SMS &#8211; COTIA<\/li>\n\n\n\n<li>SMS &#8211; DIADEMA<\/li>\n\n\n\n<li>SMS &#8211; EMBU<\/li>\n\n\n\n<li>SMS &#8211; EMBU GUACU<\/li>\n\n\n\n<li>SMS &#8211; FERRAZ DE VASCONCELOS<\/li>\n\n\n\n<li>SMS &#8211; FRANCISCO MORATO<\/li>\n\n\n\n<li>SMS &#8211; FRANCO DA ROCHA<\/li>\n\n\n\n<li>SMS &#8211; GUARAREMA<\/li>\n\n\n\n<li>SMS &#8211; GUARULHOS<\/li>\n\n\n\n<li>SMS &#8211; ITAPECERICA DA SERRA&nbsp;<\/li>\n\n\n\n<li>SMS &#8211; ITAPEVI<\/li>\n\n\n\n<li>SMS &#8211; ITAQUAQUECETUBA<\/li>\n\n\n\n<li>SMS &#8211; JANDIRA<\/li>\n\n\n\n<li>SMS &#8211; JUQUITIBA<\/li>\n\n\n\n<li>SMS &#8211; MAIRIPORA<\/li>\n\n\n\n<li>SMS &#8211; MAUA<\/li>\n\n\n\n<li>SMS &#8211; MOGI DAS CRUZES<\/li>\n\n\n\n<li>SMS &#8211; OSASCO<\/li>\n\n\n\n<li>SMS &#8211; PIRAPORA DO BOM JESUS<\/li>\n\n\n\n<li>SMS &#8211; POA<\/li>\n\n\n\n<li>SMS &#8211; RIBEIRAO PIRES<\/li>\n\n\n\n<li>SMS &#8211; RIO GRANDE DA SERRA<\/li>\n\n\n\n<li>SMS &#8211; SALESOPOLIS<\/li>\n\n\n\n<li>SMS &#8211; SANTA ISABEL<\/li>\n\n\n\n<li>SMS &#8211; SANTANA DO PARNAIBA<\/li>\n\n\n\n<li>SMS &#8211; SANTO ANDRE<\/li>\n\n\n\n<li>SMS &#8211; SAO BERNARDO DO CAMPO<\/li>\n\n\n\n<li>SMS &#8211; SAO CAETANO DO SUL<\/li>\n\n\n\n<li>SMS &#8211; SAO LOURENCO DA SERRA<\/li>\n\n\n\n<li>SMS &#8211; SAO PAULO<\/li>\n\n\n\n<li>SMS &#8211; SUZANO<\/li>\n\n\n\n<li>SMS &#8211; TABOAO DA SERRA<\/li>\n\n\n\n<li>SMS &#8211; VARGEM GRANDE PAULISTA&nbsp;<br><\/li>\n<\/ul>\n\n\n\n<p><br><strong>CONV\u00caNIO E PARTICULAR &#8211; IMREA VILA MARIANA e IMREA CL\u00cdNICAS<\/strong><br>Telefone fixo: (11) 2661-8114.<br>M\u00f3vel com WhattsApp: (11) 95695-1613.<br>e-mail: <a href=\"mailto:ssimrea@hc.fm.usp.br\">ssimrea@hc.fm.usp.br<\/a>.<br>Endere\u00e7o: Portaria 3 do INRAD, 1\u00ba andar, Eixo Rosa do Complexo HC.<br>Hor\u00e1rio de funcionamento: Segunda a sexta-feira das 07h \u00e0s 18h.<br><\/p>\n","protected":false},"excerpt":{"rendered":"","protected":false},"author":2,"featured_media":0,"parent":3360,"menu_order":0,"comment_status":"closed","ping_status":"closed","template":"","meta":{"_acf_changed":false,"inline_featured_image":false,"footnotes":""},"categories":[],"tags":[90],"class_list":{"0":"post-3390","1":"page","2":"type-page","3":"status-publish","5":"tag-narrow"},"acf":[],"_links":{"self":[{"href":"https:\/\/redelucymontoro.org.br\/site\/wp-json\/wp\/v2\/pages\/3390","targetHints":{"allow":["GET"]}}],"collection":[{"href":"https:\/\/redelucymontoro.org.br\/site\/wp-json\/wp\/v2\/pages"}],"about":[{"href":"https:\/\/redelucymontoro.org.br\/site\/wp-json\/wp\/v2\/types\/page"}],"author":[{"embeddable":true,"href":"https:\/\/redelucymontoro.org.br\/site\/wp-json\/wp\/v2\/users\/2"}],"replies":[{"embeddable":true,"href":"https:\/\/redelucymontoro.org.br\/site\/wp-json\/wp\/v2\/comments?post=3390"}],"version-history":[{"count":0,"href":"https:\/\/redelucymontoro.org.br\/site\/wp-json\/wp\/v2\/pages\/3390\/revisions"}],"up":[{"embeddable":true,"href":"https:\/\/redelucymontoro.org.br\/site\/wp-json\/wp\/v2\/pages\/3360"}],"wp:attachment":[{"href":"https:\/\/redelucymontoro.org.br\/site\/wp-json\/wp\/v2\/media?parent=3390"}],"wp:term":[{"taxonomy":"category","embeddable":true,"href":"https:\/\/redelucymontoro.org.br\/site\/wp-json\/wp\/v2\/categories?post=3390"},{"taxonomy":"post_tag","embeddable":true,"href":"https:\/\/redelucymontoro.org.br\/site\/wp-json\/wp\/v2\/tags?post=3390"}],"curies":[{"name":"wp","href":"https:\/\/api.w.org\/{rel}","templated":true}]}}