{"id":3387,"date":"2024-04-04T16:12:45","date_gmt":"2024-04-04T19:12:45","guid":{"rendered":"https:\/\/dev.redelucymontoro.org.br\/novo\/?page_id=3387"},"modified":"2024-06-13T08:54:57","modified_gmt":"2024-06-13T11:54:57","slug":"acompanhamento-pos-alta-do-programa-de-reabilitacao","status":"publish","type":"page","link":"https:\/\/redelucymontoro.org.br\/site\/reabilitacao\/acompanhamento-pos-alta-do-programa-de-reabilitacao\/","title":{"rendered":"Acompanhamento p\u00f3s-alta do programa de reabilita\u00e7\u00e3o"},"content":{"rendered":"<div class=\"gb-container gb-container-ff0057a4\">\n<div class=\"gb-container gb-container-381fa6ae\">\n\n<figure class=\"gb-block-image gb-block-image-560ac06a\"><img decoding=\"async\" class=\"gb-image gb-image-560ac06a\" src=\"https:\/\/redelucymontoro.org.br\/site\/wp-content\/uploads\/2015\/07\/acompanhamento_01-6b6.jpg\" alt=\"Acompanhamento p\u00f3s-alta\" title=\"Acompanhamento p\u00f3s-alta\"\/><\/figure>\n\n<\/div>\n\n<div class=\"gb-container gb-container-b900aa7c\">\n\n<p>A alta do Programa de Reabilita\u00e7\u00e3o \u00e9 determinada no seu plano terap\u00eautico individualizado.&nbsp;<\/p>\n\n\n\n<p>Ao final do Programa de Reabilita\u00e7\u00e3o, poder\u00e3o ser agendados retornos com m\u00e9dico fisiatra para acompanhamento da evolu\u00e7\u00e3o p\u00f3s-alta.<\/p>\n\n\n\n<p>O objetivo do seguimento p\u00f3s-alta \u00e9 dar suporte ao paciente na fase de transi\u00e7\u00e3o e supervisionar a funcionalidade adquirida e a inser\u00e7\u00e3o social, avaliar novas necessidades de interven\u00e7\u00f5es terap\u00eauticas, prescri\u00e7\u00e3o de tecnologias assistivas, orientar preven\u00e7\u00e3o de complica\u00e7\u00f5es secund\u00e1rias \u00e0 defici\u00eancia instalada, e encaminhamento \u00e0 recursos na comunidade, ou Reability-Lab.<\/p>\n\n<\/div>\n<\/div>","protected":false},"excerpt":{"rendered":"","protected":false},"author":2,"featured_media":0,"parent":3360,"menu_order":0,"comment_status":"closed","ping_status":"closed","template":"","meta":{"_acf_changed":false,"inline_featured_image":false,"footnotes":""},"categories":[],"tags":[],"class_list":["post-3387","page","type-page","status-publish"],"acf":[],"_links":{"self":[{"href":"https:\/\/redelucymontoro.org.br\/site\/wp-json\/wp\/v2\/pages\/3387","targetHints":{"allow":["GET"]}}],"collection":[{"href":"https:\/\/redelucymontoro.org.br\/site\/wp-json\/wp\/v2\/pages"}],"about":[{"href":"https:\/\/redelucymontoro.org.br\/site\/wp-json\/wp\/v2\/types\/page"}],"author":[{"embeddable":true,"href":"https:\/\/redelucymontoro.org.br\/site\/wp-json\/wp\/v2\/users\/2"}],"replies":[{"embeddable":true,"href":"https:\/\/redelucymontoro.org.br\/site\/wp-json\/wp\/v2\/comments?post=3387"}],"version-history":[{"count":0,"href":"https:\/\/redelucymontoro.org.br\/site\/wp-json\/wp\/v2\/pages\/3387\/revisions"}],"up":[{"embeddable":true,"href":"https:\/\/redelucymontoro.org.br\/site\/wp-json\/wp\/v2\/pages\/3360"}],"wp:attachment":[{"href":"https:\/\/redelucymontoro.org.br\/site\/wp-json\/wp\/v2\/media?parent=3387"}],"wp:term":[{"taxonomy":"category","embeddable":true,"href":"https:\/\/redelucymontoro.org.br\/site\/wp-json\/wp\/v2\/categories?post=3387"},{"taxonomy":"post_tag","embeddable":true,"href":"https:\/\/redelucymontoro.org.br\/site\/wp-json\/wp\/v2\/tags?post=3387"}],"curies":[{"name":"wp","href":"https:\/\/api.w.org\/{rel}","templated":true}]}}