{"id":3365,"date":"2024-04-04T16:00:14","date_gmt":"2024-04-04T19:00:14","guid":{"rendered":"https:\/\/dev.redelucymontoro.org.br\/novo\/?page_id=3365"},"modified":"2024-08-20T14:02:19","modified_gmt":"2024-08-20T17:02:19","slug":"programa-de-reabilitacao","status":"publish","type":"page","link":"https:\/\/redelucymontoro.org.br\/site\/reabilitacao\/programa-de-reabilitacao\/","title":{"rendered":"Programa de reabilita\u00e7\u00e3o"},"content":{"rendered":"\n<p>O Programa de Reabilita\u00e7\u00e3o compreende o atendimento a pessoas com defici\u00eancia f\u00edsica, que atendam aos Crit\u00e9rios de Elegibilidade e que apresentem limita\u00e7\u00f5es \u00e0s atividades b\u00e1sicas e instrumentais de vida di\u00e1ria, nas seguintes \u00e1reas:<\/p>\n\n\n\n<h2 class=\"wp-block-heading headline-4\">Reabilita\u00e7\u00e3o de n\u00edvel 1:<\/h2>\n\n\n\n<ul class=\"wp-block-list\">\n<li>Doen\u00e7as osteomioarticulares;<\/li>\n\n\n\n<li>Les\u00e3o do sistema nervoso perif\u00e9rico.<\/li>\n<\/ul>\n\n\n\n<h2 class=\"wp-block-heading headline-4\">Reabilita\u00e7\u00e3o de n\u00edvel 2:<\/h2>\n\n\n\n<ul class=\"wp-block-list\">\n<li>Les\u00e3o encef\u00e1lica adquirida de diferentes etiologias;<\/li>\n\n\n\n<li>Les\u00e3o medular, com paraplegia ou tetraplegia, de diferentes etiologias;<\/li>\n\n\n\n<li>Amputa\u00e7\u00e3o de membros de diferentes n\u00edveis e etiologias;<\/li>\n\n\n\n<li>Doen\u00e7a de Parkinson;<\/li>\n\n\n\n<li>Esclerose m\u00faltipla;<\/li>\n\n\n\n<li>S\u00edndrome de Guillain Barr\u00e9;<\/li>\n\n\n\n<li>S\u00edndrome de Down (at\u00e9 12 anos de idade);<\/li>\n\n\n\n<li>Hemofilia;<\/li>\n\n\n\n<li>Crian\u00e7as com paralisia cerebral, mielomeningocele, m\u00e1 forma\u00e7\u00e3o cong\u00eanita de membros e atraso no desenvolvimento neuropsicomotor.<\/li>\n<\/ul>\n\n\n\n<p>Durante o tratamento, tanto os pacientes de n\u00edvel 1, quanto 2, ao apresentarem intercorr\u00eancia de sa\u00fade, ser\u00e3o avaliados pela equipe local e transferidos para recursos de emerg\u00eancia da comunidade, caso necess\u00e1rio.<\/p>\n\n\n\n<p>Caso a equipe julgue necess\u00e1rio, os pacientes poder\u00e3o ser encaminhados para acompanhamento com m\u00e9dicos especialistas em recursos da comunidade.<\/p>\n\n\n\n<p>A dispensa\u00e7\u00e3o de \u00f3rteses, pr\u00f3teses e meios auxiliares de locomo\u00e7\u00e3o ser\u00e1 realizada somente aos pacientes do Programa de Reabilita\u00e7\u00e3o e os mesmos dever\u00e3o estar dispon\u00edveis no SIGTAP (Sistema de Gerenciamento de Tabelas e Procedimentos, Medicamentos e Tecnologias Assistivas do SUS).<\/p>\n\n\n\n<p>Para programas de reabilita\u00e7\u00e3o em regime de interna\u00e7\u00e3o, o paciente ter\u00e1 acesso a servi\u00e7os de diagn\u00f3stico por imagem e laboratoriais, bem como farm\u00e1cia, conforme necessidade identificada pelo m\u00e9dico respons\u00e1vel.<\/p>\n\n\n\n<p>O Instituto possui farm\u00e1cia nas unidades de interna\u00e7\u00e3o, conforme determina\u00e7\u00e3o legal. Os servi\u00e7os de diagn\u00f3stico por imagem e laboratoriais necess\u00e1rios durante o programa de reabilita\u00e7\u00e3o s\u00e3o disponibilizados ao paciente conforme o tipo de servi\u00e7o e unidade: servi\u00e7os pr\u00f3prios, por empresa terceirizada e\/ou por meio do complexo do Hospital das Cl\u00ednicas. Os resultados s\u00e3o disponibilizados para acesso online pelo m\u00e9dico solicitante em at\u00e9 48 horas. No relat\u00f3rio de alta consta a utiliza\u00e7\u00e3o de qualquer um destes recursos, juntamente com os respectivos resultados.<\/p>\n\n\n\n<p>Se houver necessidade de exame de emerg\u00eancia, o paciente ser\u00e1 encaminhado ao pronto socorro de refer\u00eancia na comunidade para atendimento.<\/p>\n","protected":false},"excerpt":{"rendered":"","protected":false},"author":2,"featured_media":0,"parent":3360,"menu_order":0,"comment_status":"closed","ping_status":"closed","template":"","meta":{"_acf_changed":false,"inline_featured_image":false,"footnotes":""},"categories":[],"tags":[90],"class_list":{"0":"post-3365","1":"page","2":"type-page","3":"status-publish","5":"tag-narrow"},"acf":[],"_links":{"self":[{"href":"https:\/\/redelucymontoro.org.br\/site\/wp-json\/wp\/v2\/pages\/3365","targetHints":{"allow":["GET"]}}],"collection":[{"href":"https:\/\/redelucymontoro.org.br\/site\/wp-json\/wp\/v2\/pages"}],"about":[{"href":"https:\/\/redelucymontoro.org.br\/site\/wp-json\/wp\/v2\/types\/page"}],"author":[{"embeddable":true,"href":"https:\/\/redelucymontoro.org.br\/site\/wp-json\/wp\/v2\/users\/2"}],"replies":[{"embeddable":true,"href":"https:\/\/redelucymontoro.org.br\/site\/wp-json\/wp\/v2\/comments?post=3365"}],"version-history":[{"count":1,"href":"https:\/\/redelucymontoro.org.br\/site\/wp-json\/wp\/v2\/pages\/3365\/revisions"}],"predecessor-version":[{"id":11208,"href":"https:\/\/redelucymontoro.org.br\/site\/wp-json\/wp\/v2\/pages\/3365\/revisions\/11208"}],"up":[{"embeddable":true,"href":"https:\/\/redelucymontoro.org.br\/site\/wp-json\/wp\/v2\/pages\/3360"}],"wp:attachment":[{"href":"https:\/\/redelucymontoro.org.br\/site\/wp-json\/wp\/v2\/media?parent=3365"}],"wp:term":[{"taxonomy":"category","embeddable":true,"href":"https:\/\/redelucymontoro.org.br\/site\/wp-json\/wp\/v2\/categories?post=3365"},{"taxonomy":"post_tag","embeddable":true,"href":"https:\/\/redelucymontoro.org.br\/site\/wp-json\/wp\/v2\/tags?post=3365"}],"curies":[{"name":"wp","href":"https:\/\/api.w.org\/{rel}","templated":true}]}}